{"id":11524,"date":"2023-12-05T12:13:09","date_gmt":"2023-12-05T11:13:09","guid":{"rendered":"https:\/\/www.saldac.ch\/produit\/cerneaux-de-noix-extra-du-perigord-25kg-bio\/"},"modified":"2026-05-06T12:06:34","modified_gmt":"2026-05-06T10:06:34","slug":"cerneaux-de-noix-extra-du-perigord-25kg-bio","status":"publish","type":"product","link":"https:\/\/www.saldac.ch\/de\/produkt\/cerneaux-de-noix-extra-du-perigord-25kg-bio\/","title":{"rendered":"Walnusskerne aus dem P\u00e9rigord, bio, 2,5 kg"},"content":{"rendered":"","protected":false},"excerpt":{"rendered":"<p>Bio-Waln\u00fcsse aus dem P\u00e9rigord<\/p>","protected":false},"featured_media":11560,"template":"","meta":{"inline_featured_image":false},"product_cat":[97],"product_tag":[107,110,98],"_links":{"self":[{"href":"https:\/\/www.saldac.ch\/de\/wp-json\/wp\/v2\/product\/11524"}],"collection":[{"href":"https:\/\/www.saldac.ch\/de\/wp-json\/wp\/v2\/product"}],"about":[{"href":"https:\/\/www.saldac.ch\/de\/wp-json\/wp\/v2\/types\/product"}],"wp:featuredmedia":[{"embeddable":true,"href":"https:\/\/www.saldac.ch\/de\/wp-json\/wp\/v2\/media\/11560"}],"wp:attachment":[{"href":"https:\/\/www.saldac.ch\/de\/wp-json\/wp\/v2\/media?parent=11524"}],"wp:term":[{"taxonomy":"product_cat","embeddable":true,"href":"https:\/\/www.saldac.ch\/de\/wp-json\/wp\/v2\/product_cat?post=11524"},{"taxonomy":"product_tag","embeddable":true,"href":"https:\/\/www.saldac.ch\/de\/wp-json\/wp\/v2\/product_tag?post=11524"}],"curies":[{"name":"wp","href":"https:\/\/api.w.org\/{rel}","templated":true}]}}