{"id":11532,"date":"2023-12-05T12:13:10","date_gmt":"2023-12-05T11:13:10","guid":{"rendered":"https:\/\/www.saldac.ch\/produit\/framboises-lyophilisees-80gr-bio\/"},"modified":"2026-04-19T18:05:55","modified_gmt":"2026-04-19T16:05:55","slug":"framboises-lyophilisees-80gr-bio","status":"publish","type":"product","link":"https:\/\/www.saldac.ch\/de\/produkt\/framboises-lyophilisees-80gr-bio\/","title":{"rendered":"Gefriergetrocknete Himbeeren, 80 g, bio"},"content":{"rendered":"<p class=\"translation-block\">Eine Packung mit <strong>80 g entspricht<\/strong> etwa der gleichen Menge wie <strong>200 g Trockenfr\u00fcchte<\/strong>.<\/p>\n<p>Sie sind vollst\u00e4ndig getrocknet und dadurch sehr leicht.<\/p>\n<p class=\"translation-block\">Au\u00dferdem ist ihr <strong>Geschmack<\/strong> so <strong>intensiv<\/strong>, dass schon eine winzige Menge reicht, um jedes Gericht oder jede Zutat zu aromatisieren.<\/p>\n<p>Die Himbeere geh\u00f6rt wie alle roten Fr\u00fcchte zu den Antioxidantien. Zum Genie\u00dfen ohne Einschr\u00e4nkung.<\/p>\n<p>Biologischer Anbau EU \u2013 Zertifiziert ECOCERT FR-BIO-01<\/p>","protected":false},"excerpt":{"rendered":"<p class=\"translation-block\"><strong>Geschmack<\/strong> so <strong>intensiv<\/strong>, dass bereits eine sehr kleine Menge gen\u00fcgt, um jedes Lebensmittel oder jede Zubereitung zu verfeinern.<\/p>","protected":false},"featured_media":5325,"template":"","meta":{"inline_featured_image":false},"product_cat":[97],"product_tag":[107,114],"_links":{"self":[{"href":"https:\/\/www.saldac.ch\/de\/wp-json\/wp\/v2\/product\/11532"}],"collection":[{"href":"https:\/\/www.saldac.ch\/de\/wp-json\/wp\/v2\/product"}],"about":[{"href":"https:\/\/www.saldac.ch\/de\/wp-json\/wp\/v2\/types\/product"}],"wp:featuredmedia":[{"embeddable":true,"href":"https:\/\/www.saldac.ch\/de\/wp-json\/wp\/v2\/media\/5325"}],"wp:attachment":[{"href":"https:\/\/www.saldac.ch\/de\/wp-json\/wp\/v2\/media?parent=11532"}],"wp:term":[{"taxonomy":"product_cat","embeddable":true,"href":"https:\/\/www.saldac.ch\/de\/wp-json\/wp\/v2\/product_cat?post=11532"},{"taxonomy":"product_tag","embeddable":true,"href":"https:\/\/www.saldac.ch\/de\/wp-json\/wp\/v2\/product_tag?post=11532"}],"curies":[{"name":"wp","href":"https:\/\/api.w.org\/{rel}","templated":true}]}}