{"id":11533,"date":"2023-12-05T12:13:10","date_gmt":"2023-12-05T11:13:10","guid":{"rendered":"https:\/\/www.saldac.ch\/produit\/baies-de-goji-150gr-bio\/"},"modified":"2026-04-18T10:42:05","modified_gmt":"2026-04-18T08:42:05","slug":"baies-de-goji-150gr-bio","status":"publish","type":"product","link":"https:\/\/www.saldac.ch\/de\/produkt\/baies-de-goji-150gr-bio\/","title":{"rendered":"Goji-Beeren, 150 g, bio"},"content":{"rendered":"<h2>Baies de goji bio (lycium barbarum): superaliment naturel au go\u00fbt fruit\u00e9<\/h2>\n<p>Cultiv\u00e9es en altitude dans la r\u00e9gion de <strong>Qinghai au Tibet<\/strong>, ces baies rouges sont appr\u00e9ci\u00e9es pour leur go\u00fbt l\u00e9g\u00e8rement sucr\u00e9 et leur texture agr\u00e9able. S\u00e9ch\u00e9es avec soin, elles s\u2019int\u00e8grent facilement dans une alimentation vari\u00e9e, aussi bien en en-cas qu\u2019en ingr\u00e9dient culinaire.<\/p>\n<h3>Une source naturelle d\u2019\u00e9nergie et de nutriments<\/h3>\n<p>Les <strong>baies de goji bio<\/strong> sont reconnues pour leur composition nutritionnelle int\u00e9ressante. Elles apportent naturellement des glucides, des fibres et des prot\u00e9ines v\u00e9g\u00e9tales, tout en restant pauvres en sel et sans lipides ajout\u00e9s. Leur go\u00fbt fruit\u00e9 et l\u00e9g\u00e8rement aromatique permet de les consommer telles quelles ou int\u00e9gr\u00e9es \u00e0 de nombreuses recettes. Gr\u00e2ce \u00e0 leur format, <strong>elles se conservent facilement<\/strong> et constituent une solution pratique pour compl\u00e9ter un petit-d\u00e9jeuner, un snack ou un dessert. Pour une texture plus tendre, elles peuvent \u00eatre r\u00e9hydrat\u00e9es dans de l\u2019eau, un jus de fruits, un th\u00e9 ou une tisane. Le liquide de trempage peut ensuite \u00eatre consomm\u00e9.<\/p>\n<h3>Pourquoi choisir nos baies de goji bio ?<\/h3>\n<p>Nos baies proviennent de cultures situ\u00e9es \u00e0 environ 3\u2019500 m\u00e8tres d\u2019altitude, dans une zone reconnue pour la qualit\u00e9 de ses productions agricoles. Les m\u00e9thodes de culture respectent l\u2019environnement et les populations locales, sans recours aux additifs ou traitements artificiels. Les grains sont particuli\u00e8rement gros, bien secs et l\u00e9gers, avec une saveur naturellement douce rappelant un bonbon.<\/p>\n<p><span style=\"text-decoration: underline;\"><strong>Attention<\/strong><\/span> : En raison de son pouvoir de fluidification du sang, le goji peut faire double emploi avec des m\u00e9dicaments pris pour cette raison. Demandez conseil \u00e0 votre M\u00e9decin.<\/p>","protected":false},"excerpt":{"rendered":"<h4 class=\"translation-block\"><strong>GOJI<\/strong> (<strong>Lycium barbarum<\/strong>) :<br>\nkleine rote Beere, die fast \u00fcberall auf der Welt w\u00e4chst. Man findet sie auch im Mittelmeerraum.<\/h4>","protected":false},"featured_media":17395,"template":"","meta":{"inline_featured_image":false},"product_cat":[97],"product_tag":[102,114],"_links":{"self":[{"href":"https:\/\/www.saldac.ch\/de\/wp-json\/wp\/v2\/product\/11533"}],"collection":[{"href":"https:\/\/www.saldac.ch\/de\/wp-json\/wp\/v2\/product"}],"about":[{"href":"https:\/\/www.saldac.ch\/de\/wp-json\/wp\/v2\/types\/product"}],"wp:featuredmedia":[{"embeddable":true,"href":"https:\/\/www.saldac.ch\/de\/wp-json\/wp\/v2\/media\/17395"}],"wp:attachment":[{"href":"https:\/\/www.saldac.ch\/de\/wp-json\/wp\/v2\/media?parent=11533"}],"wp:term":[{"taxonomy":"product_cat","embeddable":true,"href":"https:\/\/www.saldac.ch\/de\/wp-json\/wp\/v2\/product_cat?post=11533"},{"taxonomy":"product_tag","embeddable":true,"href":"https:\/\/www.saldac.ch\/de\/wp-json\/wp\/v2\/product_tag?post=11533"}],"curies":[{"name":"wp","href":"https:\/\/api.w.org\/{rel}","templated":true}]}}