{"id":11535,"date":"2023-12-05T12:13:11","date_gmt":"2023-12-05T11:13:11","guid":{"rendered":"https:\/\/www.saldac.ch\/produit\/ecorces-doranges-confites-200-gr-bio-equitable\/"},"modified":"2026-05-09T10:09:00","modified_gmt":"2026-05-09T08:09:00","slug":"ecorces-doranges-confites-200-gr-bio-equitable","status":"publish","type":"product","link":"https:\/\/www.saldac.ch\/de\/produkt\/ecorces-doranges-confites-200-gr-bio-equitable\/","title":{"rendered":"Kandierte Orangenschalen 200 g, bio, fair gehandelt"},"content":{"rendered":"<div class=\"woocommerce-product-details__short-description\">\n<div class=\"woocommerce-product-details__short-description\">\n<p class=\"translation-block\"><strong>Kandierte Bio-Orangenschalen<\/strong>, ideal f\u00fcr die Patisserie: zum Umh\u00fcllen mit Schokolade oder in St\u00fccke geschnitten in Kuchen. Sehr aromatisch.<\/p>\n<p class=\"translation-block\"><strong>Zutaten<\/strong>: Orangenschalen, Rohrzucker, Zitronensaft<\/p>\n<p><strong>N\u00e4hrwerteigenschaften <\/strong>(Durchschnittswerte pro 100 g)<\/p>\n<p>Kohlenhydrate: 75 g (davon Zucker 60 g) Fett: &lt;0,5 g (davon ges\u00e4ttigte Fetts\u00e4uren &lt;0,1 g) Eiwei\u00df: 0,5 g Salz: 0,01 g Brennwert: 302 kcal \/ 1 294 kJ<\/p>\n<p><strong>Zertifiziert als Fairer Handel durch WFTO<\/strong><\/p>\n<\/div>\n<\/div>","protected":false},"excerpt":{"rendered":"<p>Ideal f\u00fcr die Patisserie<\/p>","protected":false},"featured_media":5358,"template":"","meta":{"inline_featured_image":false},"product_cat":[97],"product_tag":[108],"_links":{"self":[{"href":"https:\/\/www.saldac.ch\/de\/wp-json\/wp\/v2\/product\/11535"}],"collection":[{"href":"https:\/\/www.saldac.ch\/de\/wp-json\/wp\/v2\/product"}],"about":[{"href":"https:\/\/www.saldac.ch\/de\/wp-json\/wp\/v2\/types\/product"}],"wp:featuredmedia":[{"embeddable":true,"href":"https:\/\/www.saldac.ch\/de\/wp-json\/wp\/v2\/media\/5358"}],"wp:attachment":[{"href":"https:\/\/www.saldac.ch\/de\/wp-json\/wp\/v2\/media?parent=11535"}],"wp:term":[{"taxonomy":"product_cat","embeddable":true,"href":"https:\/\/www.saldac.ch\/de\/wp-json\/wp\/v2\/product_cat?post=11535"},{"taxonomy":"product_tag","embeddable":true,"href":"https:\/\/www.saldac.ch\/de\/wp-json\/wp\/v2\/product_tag?post=11535"}],"curies":[{"name":"wp","href":"https:\/\/api.w.org\/{rel}","templated":true}]}}