{"id":11539,"date":"2023-12-05T12:13:11","date_gmt":"2023-12-05T11:13:11","guid":{"rendered":"https:\/\/www.saldac.ch\/produit\/ananas-seches-150-gr-bio-equitable-2\/"},"modified":"2024-12-28T11:41:41","modified_gmt":"2024-12-28T10:41:41","slug":"ananas-seches-150-gr-bio-equitable-2","status":"publish","type":"product","link":"https:\/\/www.saldac.ch\/de\/produkt\/ananas-seches-150-gr-bio-equitable-2\/","title":{"rendered":"Getrocknete Ananas, 150 g, bio, fair gehandelt"},"content":{"rendered":"<div class=\"woocommerce-product-details__short-description\">\n<p class=\"translation-block\"><strong>Getrocknete Bio-Ananas.<\/strong> Sehr aromatisch und weich, fast wie frische Ananas im Geschmack. Ideal f\u00fcr Wanderungen, als Snack zu jeder Tageszeit, zum Backen oder f\u00fcr herzhafte Gerichte.<\/p>\n<p class=\"translation-block\"><strong>Zutaten<\/strong>: getrocknete Ananas<\/p>\n<p><strong>N\u00e4hrwerteigenschaften <\/strong>(Durchschnittswerte pro 100 g)<\/p>\n<p>Kohlenhydrate: 79,5 g (davon Zucker 56 g) Fett: &lt;0,5 g (davon ges\u00e4ttigte Fetts\u00e4uren &lt;0,1 g) Eiwei\u00df: 2,9 g Salz: 0,1 g Brennwert: 334 kcal \/ 1 419 kJ<\/p>\n<\/div>","protected":false},"excerpt":{"rendered":"<p class=\"translation-block\"><strong>Getrocknete Bio-Ananas.<\/strong> Sehr aromatisch und weich, fast wie frische Ananas im Geschmack.<\/p>","protected":false},"featured_media":5380,"template":"","meta":{"inline_featured_image":false},"product_cat":[97],"product_tag":[108],"_links":{"self":[{"href":"https:\/\/www.saldac.ch\/de\/wp-json\/wp\/v2\/product\/11539"}],"collection":[{"href":"https:\/\/www.saldac.ch\/de\/wp-json\/wp\/v2\/product"}],"about":[{"href":"https:\/\/www.saldac.ch\/de\/wp-json\/wp\/v2\/types\/product"}],"wp:featuredmedia":[{"embeddable":true,"href":"https:\/\/www.saldac.ch\/de\/wp-json\/wp\/v2\/media\/5380"}],"wp:attachment":[{"href":"https:\/\/www.saldac.ch\/de\/wp-json\/wp\/v2\/media?parent=11539"}],"wp:term":[{"taxonomy":"product_cat","embeddable":true,"href":"https:\/\/www.saldac.ch\/de\/wp-json\/wp\/v2\/product_cat?post=11539"},{"taxonomy":"product_tag","embeddable":true,"href":"https:\/\/www.saldac.ch\/de\/wp-json\/wp\/v2\/product_tag?post=11539"}],"curies":[{"name":"wp","href":"https:\/\/api.w.org\/{rel}","templated":true}]}}