{"id":11541,"date":"2023-12-05T12:13:12","date_gmt":"2023-12-05T11:13:12","guid":{"rendered":"https:\/\/www.saldac.ch\/produit\/mangue-sechee-du-perou-150gr-bio-equitable\/"},"modified":"2026-04-13T11:13:42","modified_gmt":"2026-04-13T09:13:42","slug":"mangue-sechee-du-perou-150gr-bio-equitable","status":"publish","type":"product","link":"https:\/\/www.saldac.ch\/de\/produkt\/mangue-sechee-du-perou-150gr-bio-equitable\/","title":{"rendered":"Getrocknete Mango aus Peru, 150 g, bio, fair gehandelt"},"content":{"rendered":"<div class=\"woocommerce-product-details__short-description\">\n<p class=\"translation-block\"><strong>Getrocknete Bio-Mango.<\/strong> Dicke, weiche und aromatische Scheiben, mit vollem Mangogeschmack. Ideal f\u00fcr Wanderungen, als Snack zu jeder Tageszeit gegen den kleinen Hunger oder auch f\u00fcr herzhafte Gerichte. L\u00e4sst sich zum Zubereiten von Smoothies wieder einweichen.<\/p>\n<p class=\"translation-block\"><strong>Zutaten<\/strong>: getrocknete Mango<\/p>\n<p><strong>N\u00e4hrwerteigenschaften <\/strong>(Durchschnittswerte pro 100 g)<\/p>\n<p>Kohlenhydrate: 82 g (davon Zucker 61,3 g) Fett: &lt;0,5 g (davon ges\u00e4ttigte Fetts\u00e4uren &lt;0,1 g) Eiwei\u00df: 2,3 g Salz: 0,03 g Brennwert: 337 kcal \/ 1 433 kJ<\/p>\n<\/div>","protected":false},"excerpt":{"rendered":"<p>Dicke, weiche und aromatische Scheiben<\/p>","protected":false},"featured_media":5278,"template":"","meta":{"inline_featured_image":false},"product_cat":[97],"product_tag":[108],"_links":{"self":[{"href":"https:\/\/www.saldac.ch\/de\/wp-json\/wp\/v2\/product\/11541"}],"collection":[{"href":"https:\/\/www.saldac.ch\/de\/wp-json\/wp\/v2\/product"}],"about":[{"href":"https:\/\/www.saldac.ch\/de\/wp-json\/wp\/v2\/types\/product"}],"wp:featuredmedia":[{"embeddable":true,"href":"https:\/\/www.saldac.ch\/de\/wp-json\/wp\/v2\/media\/5278"}],"wp:attachment":[{"href":"https:\/\/www.saldac.ch\/de\/wp-json\/wp\/v2\/media?parent=11541"}],"wp:term":[{"taxonomy":"product_cat","embeddable":true,"href":"https:\/\/www.saldac.ch\/de\/wp-json\/wp\/v2\/product_cat?post=11541"},{"taxonomy":"product_tag","embeddable":true,"href":"https:\/\/www.saldac.ch\/de\/wp-json\/wp\/v2\/product_tag?post=11541"}],"curies":[{"name":"wp","href":"https:\/\/api.w.org\/{rel}","templated":true}]}}