{"id":11542,"date":"2023-12-05T12:13:12","date_gmt":"2023-12-05T11:13:12","guid":{"rendered":"https:\/\/www.saldac.ch\/produit\/physalis-sechee-du-perou-150gr-bio-equitable\/"},"modified":"2025-09-15T15:45:46","modified_gmt":"2025-09-15T13:45:46","slug":"physalis-sechee-du-perou-150gr-bio-equitable","status":"publish","type":"product","link":"https:\/\/www.saldac.ch\/de\/produkt\/physalis-sechee-du-perou-150gr-bio-equitable\/","title":{"rendered":"Getrocknete Physalis aus Peru, 150 g, bio, fair gehandelt"},"content":{"rendered":"<div class=\"woocommerce-product-details__short-description\">\n<p class=\"translation-block\"><strong>Die Physalis (Physalis peruviana) ist eine Beere aus den Anden. Sehr reich an Vitamin C<\/strong>, leicht s\u00e4uerlich, eine energiegeladene Beere. Ideal f\u00fcr Wanderungen, als Snack zu jeder Tageszeit oder zum Mischen ins M\u00fcsli oder andere Fr\u00fchst\u00fcckscerealien.<\/p>\n<p class=\"translation-block\"><strong>Zutaten<\/strong>: getrocknete Physalis<\/p>\n<p><strong>N\u00e4hrwerteigenschaften <\/strong>(Durchschnittswerte pro 100 g)<\/p>\n<p>Kohlenhydrate: 64,8 g (davon Zucker 33,9 g) Fett: 8 g (davon ges\u00e4ttigte Fetts\u00e4uren 0,88 g) Eiwei\u00df: 6,5 g Salz: 0,02 g Brennwert: 356 kcal \/ 1 513 kJ<\/p>\n<\/div>","protected":false},"excerpt":{"rendered":"<p class=\"translation-block\"><strong>Sehr reich an Vitamin C<\/strong>, leicht s\u00e4uerlich, eine energiegeladene Beere<\/p>","protected":false},"featured_media":5279,"template":"","meta":{"inline_featured_image":false},"product_cat":[97],"product_tag":[108],"_links":{"self":[{"href":"https:\/\/www.saldac.ch\/de\/wp-json\/wp\/v2\/product\/11542"}],"collection":[{"href":"https:\/\/www.saldac.ch\/de\/wp-json\/wp\/v2\/product"}],"about":[{"href":"https:\/\/www.saldac.ch\/de\/wp-json\/wp\/v2\/types\/product"}],"wp:featuredmedia":[{"embeddable":true,"href":"https:\/\/www.saldac.ch\/de\/wp-json\/wp\/v2\/media\/5279"}],"wp:attachment":[{"href":"https:\/\/www.saldac.ch\/de\/wp-json\/wp\/v2\/media?parent=11542"}],"wp:term":[{"taxonomy":"product_cat","embeddable":true,"href":"https:\/\/www.saldac.ch\/de\/wp-json\/wp\/v2\/product_cat?post=11542"},{"taxonomy":"product_tag","embeddable":true,"href":"https:\/\/www.saldac.ch\/de\/wp-json\/wp\/v2\/product_tag?post=11542"}],"curies":[{"name":"wp","href":"https:\/\/api.w.org\/{rel}","templated":true}]}}