{"id":11545,"date":"2023-12-05T12:13:16","date_gmt":"2023-12-05T11:13:16","guid":{"rendered":"https:\/\/www.saldac.ch\/produit\/cranberries-sechees-2kg-bio\/"},"modified":"2026-03-19T15:42:05","modified_gmt":"2026-03-19T14:42:05","slug":"cranberries-sechees-2kg-bio","status":"publish","type":"product","link":"https:\/\/www.saldac.ch\/de\/produkt\/cranberries-sechees-2kg-bio\/","title":{"rendered":"Getrocknete Cranberries, 2 kg, bio"},"content":{"rendered":"<p>Die Cranberry, auch bekannt als die gro\u00dfe rote Preiselbeere Nordamerikas, w\u00e4chst als Strauch in den sauren Moorgebieten k\u00fchler Regionen. Sie tr\u00e4gt leuchtend rote Beeren, die in den englischsprachigen L\u00e4ndern seit Langem als Saft, in Cocktails oder in der K\u00fcche verwendet werden.<\/p>\n<p class=\"translation-block\">Die Frucht der Cranberry (Vaccinium macrocarpon) ist in Nordamerika seit Langem f\u00fcr ihre ern\u00e4hrungsphysiologischen Eigenschaften bekannt, in erster Linie als <strong>Antioxidans<\/strong> und \u2013 in der traditionellen oder volkst\u00fcmlichen Medizin \u2013 als wertvoller Beitrag zur <strong>Vorbeugung von Harnwegsinfektionen<\/strong>.<\/p>\n<p class=\"translation-block\">Tats\u00e4chlich enth\u00e4lt die Cranberry eine besondere Substanz, die <strong>Proanthocyanidine vom Typ A (PAC A)<\/strong>, ein Polyphenol, das dazu beitr\u00e4gt, die Anheftung bestimmter coliformer Bakterien (Escherichia coli) an den Harnwegsw\u00e4nden zu verringern, die h\u00e4ufig Infektionen verursachen.<\/p>\n<p class=\"translation-block\">N\u00e4hrwertangaben pro 100 g:<br>\nKj: 1156 \u2013 Kcal: 277 \u2013 Fett: 1,60 g \u2013 davon ges\u00e4ttigt: 0,10 g \u2013 Kohlenhydrate: 81 g \u2013 davon Zucker: 79 g \u2013 Eiwei\u00df: 2,60 g \u2013 Ballaststoffe: 10 g \u2013<\/p>","protected":false},"excerpt":{"rendered":"<p class=\"translation-block\">Seit Langem in Nordamerika bekannt f\u00fcr ihre N\u00e4hrwerte und als <strong>Antioxidans.<\/strong><\/p>","protected":false},"featured_media":5365,"template":"","meta":{"inline_featured_image":false},"product_cat":[97],"product_tag":[114],"_links":{"self":[{"href":"https:\/\/www.saldac.ch\/de\/wp-json\/wp\/v2\/product\/11545"}],"collection":[{"href":"https:\/\/www.saldac.ch\/de\/wp-json\/wp\/v2\/product"}],"about":[{"href":"https:\/\/www.saldac.ch\/de\/wp-json\/wp\/v2\/types\/product"}],"wp:featuredmedia":[{"embeddable":true,"href":"https:\/\/www.saldac.ch\/de\/wp-json\/wp\/v2\/media\/5365"}],"wp:attachment":[{"href":"https:\/\/www.saldac.ch\/de\/wp-json\/wp\/v2\/media?parent=11545"}],"wp:term":[{"taxonomy":"product_cat","embeddable":true,"href":"https:\/\/www.saldac.ch\/de\/wp-json\/wp\/v2\/product_cat?post=11545"},{"taxonomy":"product_tag","embeddable":true,"href":"https:\/\/www.saldac.ch\/de\/wp-json\/wp\/v2\/product_tag?post=11545"}],"curies":[{"name":"wp","href":"https:\/\/api.w.org\/{rel}","templated":true}]}}