{"id":11547,"date":"2023-12-05T12:13:16","date_gmt":"2023-12-05T11:13:16","guid":{"rendered":"https:\/\/www.saldac.ch\/produit\/bananes-roses-sechees-500gr-bio-equitable\/"},"modified":"2026-04-13T12:21:41","modified_gmt":"2026-04-13T10:21:41","slug":"bananes-roses-sechees-500gr-bio-equitable","status":"publish","type":"product","link":"https:\/\/www.saldac.ch\/de\/produkt\/bananes-roses-sechees-500gr-bio-equitable\/","title":{"rendered":"Getrocknete Rosa-Bananen, 500 g, bio, fair gehandelt"},"content":{"rendered":"<h2>Bio-Rosa-Banane: exotische Authentizit\u00e4t zum Greifen nah<\/h2>\n<h3>Ein tropischer Genuss mit au\u00dfergew\u00f6hnlichem Aroma<\/h3>\n<p class=\"translation-block\">Entdecken Sie unsere <strong>getrockneten rosa Bio-Bananen<\/strong>, ein geschmacklicher Schatz direkt aus Peru, wo sie liebevoll \u00ab<strong>Pl\u00e1tano de isla<\/strong>\u00bb (Inselbanane) genannt wird. Diese besondere Frucht zeichnet sich durch ihre gro\u00dfe Form, die urspr\u00fcnglich gelbe Schale und ihr zart rosafarbenes Fruchtfleisch aus, das feine Aromen entfaltet. Eine seltene K\u00f6stlichkeit aus biologischem Anbau und fairem Handel, die Sie in ferne Welten entf\u00fchrt und Ihnen zugleich eine unvergleichlich weiche Textur sowie nat\u00fcrliche S\u00fc\u00dfe bietet, die Ihre Sinne verw\u00f6hnt.<\/p>\n<h3>Ein Trockenobst mit vielf\u00e4ltigen Vorteilen<\/h3>\n<p class=\"translation-block\">Sorgf\u00e4ltig ausgew\u00e4hlt und nach traditionellen Methoden getrocknet, die ihre N\u00e4hrstoffe bewahren, begeistert unsere <strong>getrocknete rosa Banane<\/strong> durch ihr zartes Fruchtfleisch und ihren intensiven Geschmack. <strong>Viel weicher als die klassische getrocknete Banane<\/strong>, ist sie eine ideale nat\u00fcrliche Energiequelle \u2013 perfekt f\u00fcr Wanderungen, sportliche Aktivit\u00e4ten oder einfach, um jederzeit eine k\u00f6stliche Pause zu genie\u00dfen. In der K\u00fcche verleiht sie Ihren Backkreationen, Smoothies und anderen s\u00fc\u00dfen Zubereitungen eine exotische Note und nat\u00fcrliche S\u00fc\u00dfe.<\/p>\n<p class=\"translation-block\">Die neue Pr\u00e4sentation unserer Bananen, jetzt <strong>in feine Scheiben geschnitten<\/strong>, garantiert Ihnen ein praktisches und angenehmes Genusserlebnis. Verpackt in einer eleganten Kartonschachtel <strong>lassen sich unsere rosa Bananen leicht trennen<\/strong> und sorgen so f\u00fcr unbeschwerten Genuss.<\/p>\n<h3>Warum unsere getrocknete rosa Banane w\u00e4hlen?<\/h3>\n<p class=\"translation-block\"><strong>Aromatischer, sanfter Geschmack<\/strong>: Fein s\u00fc\u00dfliche Aromen f\u00fcr eine einzigartige Geschmackserfahrung.<\/p>\n<p class=\"translation-block\"><strong>Au\u00dfergew\u00f6hnlich weiche Textur<\/strong>: Eine unvergleichliche Zartheit, die sie von herk\u00f6mmlichen getrockneten Bananen unterscheidet.<\/p>\n<p class=\"translation-block\"><strong>Bio- und Fairtrade-zertifiziert<\/strong>: Ein ethisches Produkt, <u>garantiert durch das WFTO-Label<\/u>, das Produzenten und Umwelt respektiert.<\/p>\n<p><strong>N\u00e4hrwertangaben (durchschnittliche Werte pro 100 g)<\/strong><\/p>\n<ul>\n<li style=\"list-style-type: none;\">\n<ul>\n<li>Kohlenhydrate: 81,5 g (davon Zucker 61,4 g)<\/li>\n<li>Fett: 0,9 g (davon ges\u00e4ttigte Fetts\u00e4uren 0,22 g)<\/li>\n<li>Eiwei\u00df: 3,5 g<\/li>\n<li>Salz: 0,01 g<\/li>\n<li>Brennwert: 349 kcal \/ 1 475 kJ<\/li>\n<\/ul>\n<\/li>\n<\/ul>","protected":false},"excerpt":{"rendered":"<p class=\"translation-block\"><strong>Getrocknete rosa Bio-Bananen<\/strong>. In Peru nennt man sie \u201ePl\u00e1tano de isla\u201c (Inselbanane). Es handelt sich um eine breite Banane mit gelber Schale und zart rosafarbenem Fruchtfleisch, sehr aromatisch.<\/p>","protected":false},"featured_media":14858,"template":"","meta":{"inline_featured_image":false},"product_cat":[97],"product_tag":[108],"_links":{"self":[{"href":"https:\/\/www.saldac.ch\/de\/wp-json\/wp\/v2\/product\/11547"}],"collection":[{"href":"https:\/\/www.saldac.ch\/de\/wp-json\/wp\/v2\/product"}],"about":[{"href":"https:\/\/www.saldac.ch\/de\/wp-json\/wp\/v2\/types\/product"}],"wp:featuredmedia":[{"embeddable":true,"href":"https:\/\/www.saldac.ch\/de\/wp-json\/wp\/v2\/media\/14858"}],"wp:attachment":[{"href":"https:\/\/www.saldac.ch\/de\/wp-json\/wp\/v2\/media?parent=11547"}],"wp:term":[{"taxonomy":"product_cat","embeddable":true,"href":"https:\/\/www.saldac.ch\/de\/wp-json\/wp\/v2\/product_cat?post=11547"},{"taxonomy":"product_tag","embeddable":true,"href":"https:\/\/www.saldac.ch\/de\/wp-json\/wp\/v2\/product_tag?post=11547"}],"curies":[{"name":"wp","href":"https:\/\/api.w.org\/{rel}","templated":true}]}}