{"id":11550,"date":"2023-12-05T12:13:17","date_gmt":"2023-12-05T11:13:17","guid":{"rendered":"https:\/\/www.saldac.ch\/produit\/pistaches-crues-decortiquees-200gr-bio\/"},"modified":"2026-04-17T16:01:42","modified_gmt":"2026-04-17T14:01:42","slug":"pistaches-crues-decortiquees-200gr-bio","status":"publish","type":"product","link":"https:\/\/www.saldac.ch\/de\/produkt\/pistaches-crues-decortiquees-200gr-bio\/","title":{"rendered":"Rohe, gesch\u00e4lte Pistazien, 200 g, bio"},"content":{"rendered":"<p class=\"translation-block\">Wie viele Schalen- und \u00d6lfr\u00fcchte enth\u00e4lt die <strong>Pistazie<\/strong> eine beachtliche Menge an Proteinen und liefert wertvolle unges\u00e4ttigte Fetts\u00e4uren. Sie enth\u00e4lt zudem zahlreiche Vitamine und Mineralstoffe. Dank ihrer aktiven Inhaltsstoffe kann sie au\u00dferdem zu einer guten Herz-Kreislauf-Gesundheit beitragen.<\/p>\n<p>Die Mikron\u00e4hrstoffe in der Pistazie<\/p>\n<p>Zu den in gr\u00f6\u00dferer Menge enthaltenen N\u00e4hrstoffen der Pistazie z\u00e4hlen:<\/p>\n<p>Die Pistazie ist reich an wichtigen Mineralstoffen: Kupfer (wichtig f\u00fcr die Bildung von H\u00e4moglobin und Kollagen), Phosphor, Eisen (in Kombination mit Vitamin C), Mangan (Kofaktor mehrerer Enzyme), Magnesium, Kalium, Zink und Selen. All diese Mineralstoffe helfen, freie Radikale zu bek\u00e4mpfen.<\/p>\n<p class=\"translation-block\">Die Pistazie enth\u00e4lt auch Vitamine, insbesondere <strong>Vitamin B6<\/strong> und <strong>Vitamin E<\/strong> \u2013 zwei hervorragende und unverzichtbare Antioxidantien.<\/p>","protected":false},"excerpt":{"rendered":"<p class=\"translation-block\">Die <strong>Pistazie<\/strong> enth\u00e4lt eine beachtliche Menge an Proteinen und bietet einen wertvollen Beitrag an unges\u00e4ttigten Fetts\u00e4uren.<\/p>","protected":false},"featured_media":5359,"template":"","meta":{"inline_featured_image":false},"product_cat":[97],"product_tag":[114],"_links":{"self":[{"href":"https:\/\/www.saldac.ch\/de\/wp-json\/wp\/v2\/product\/11550"}],"collection":[{"href":"https:\/\/www.saldac.ch\/de\/wp-json\/wp\/v2\/product"}],"about":[{"href":"https:\/\/www.saldac.ch\/de\/wp-json\/wp\/v2\/types\/product"}],"wp:featuredmedia":[{"embeddable":true,"href":"https:\/\/www.saldac.ch\/de\/wp-json\/wp\/v2\/media\/5359"}],"wp:attachment":[{"href":"https:\/\/www.saldac.ch\/de\/wp-json\/wp\/v2\/media?parent=11550"}],"wp:term":[{"taxonomy":"product_cat","embeddable":true,"href":"https:\/\/www.saldac.ch\/de\/wp-json\/wp\/v2\/product_cat?post=11550"},{"taxonomy":"product_tag","embeddable":true,"href":"https:\/\/www.saldac.ch\/de\/wp-json\/wp\/v2\/product_tag?post=11550"}],"curies":[{"name":"wp","href":"https:\/\/api.w.org\/{rel}","templated":true}]}}