{"id":11569,"date":"2023-12-08T10:51:50","date_gmt":"2023-12-08T09:51:50","guid":{"rendered":"https:\/\/www.saldac.ch\/?post_type=product&#038;p=11569"},"modified":"2024-10-01T09:11:25","modified_gmt":"2024-10-01T07:11:25","slug":"amandes-noix-noisettes-et-pistaches-bio-en-vrac","status":"publish","type":"product","link":"https:\/\/www.saldac.ch\/de\/produkt\/amandes-noix-noisettes-et-pistaches-bio-en-vrac\/","title":{"rendered":"Mandeln, N\u00fcsse, Haseln\u00fcsse und Pistazien bio im Gro\u00dfpack"},"content":{"rendered":"","protected":false},"excerpt":{"rendered":"","protected":false},"featured_media":11559,"template":"","meta":{"inline_featured_image":false},"product_cat":[97],"product_tag":[107,110,98],"_links":{"self":[{"href":"https:\/\/www.saldac.ch\/de\/wp-json\/wp\/v2\/product\/11569"}],"collection":[{"href":"https:\/\/www.saldac.ch\/de\/wp-json\/wp\/v2\/product"}],"about":[{"href":"https:\/\/www.saldac.ch\/de\/wp-json\/wp\/v2\/types\/product"}],"wp:featuredmedia":[{"embeddable":true,"href":"https:\/\/www.saldac.ch\/de\/wp-json\/wp\/v2\/media\/11559"}],"wp:attachment":[{"href":"https:\/\/www.saldac.ch\/de\/wp-json\/wp\/v2\/media?parent=11569"}],"wp:term":[{"taxonomy":"product_cat","embeddable":true,"href":"https:\/\/www.saldac.ch\/de\/wp-json\/wp\/v2\/product_cat?post=11569"},{"taxonomy":"product_tag","embeddable":true,"href":"https:\/\/www.saldac.ch\/de\/wp-json\/wp\/v2\/product_tag?post=11569"}],"curies":[{"name":"wp","href":"https:\/\/api.w.org\/{rel}","templated":true}]}}