{"id":11584,"date":"2023-12-08T12:46:18","date_gmt":"2023-12-08T11:46:18","guid":{"rendered":"https:\/\/www.saldac.ch\/?post_type=product&#038;p=11584"},"modified":"2026-05-08T20:46:14","modified_gmt":"2026-05-08T18:46:14","slug":"infusion-amour-chocolat-bio-100gr","status":"publish","type":"product","link":"https:\/\/www.saldac.ch\/de\/produkt\/infusion-amour-chocolat-bio-100gr\/","title":{"rendered":"Aufguss \u00abSchokoladenliebe\u00bb, bio, 100 g"},"content":{"rendered":"<p>Biologisch ger\u00f6stete Kakaoschalen, Sorte Criollo. Aromatisiert mit Orange, Rooibos, Hagebutte und Orangenbl\u00fcte. Zubereitung wie ein Aufguss, ideal zum Fr\u00fchst\u00fcck oder als Nachmittagsgetr\u00e4nk, mit Wasser oder Milch. Sehr aromatisch mit Kakaogeschmack, auch bestens geeignet w\u00e4hrend der Stillzeit. Etwa 2 Essl\u00f6ffel pro Tasse verwenden.<\/p>","protected":false},"excerpt":{"rendered":"<p>Ger\u00f6stete Kakaoschalen, aromatisiert mit Orange, Rooibos, Hagebutte und Orangenbl\u00fcte.<\/p>\n<p>F\u00fcr Gesch\u00e4ftspartner: Verkauf nur kartonweise zu 6 St\u00fcck<\/p>","protected":false},"featured_media":5308,"template":"","meta":{"inline_featured_image":false},"product_cat":[574],"product_tag":[108,60,62],"_links":{"self":[{"href":"https:\/\/www.saldac.ch\/de\/wp-json\/wp\/v2\/product\/11584"}],"collection":[{"href":"https:\/\/www.saldac.ch\/de\/wp-json\/wp\/v2\/product"}],"about":[{"href":"https:\/\/www.saldac.ch\/de\/wp-json\/wp\/v2\/types\/product"}],"wp:featuredmedia":[{"embeddable":true,"href":"https:\/\/www.saldac.ch\/de\/wp-json\/wp\/v2\/media\/5308"}],"wp:attachment":[{"href":"https:\/\/www.saldac.ch\/de\/wp-json\/wp\/v2\/media?parent=11584"}],"wp:term":[{"taxonomy":"product_cat","embeddable":true,"href":"https:\/\/www.saldac.ch\/de\/wp-json\/wp\/v2\/product_cat?post=11584"},{"taxonomy":"product_tag","embeddable":true,"href":"https:\/\/www.saldac.ch\/de\/wp-json\/wp\/v2\/product_tag?post=11584"}],"curies":[{"name":"wp","href":"https:\/\/api.w.org\/{rel}","templated":true}]}}