{"id":11586,"date":"2023-12-08T12:56:39","date_gmt":"2023-12-08T11:56:39","guid":{"rendered":"https:\/\/www.saldac.ch\/?post_type=product&#038;p=11586"},"modified":"2026-04-21T15:59:51","modified_gmt":"2026-04-21T13:59:51","slug":"cacao-non-torrefie-en-poudre-bio-250gr","status":"publish","type":"product","link":"https:\/\/www.saldac.ch\/de\/produkt\/cacao-non-torrefie-en-poudre-bio-250gr\/","title":{"rendered":"Rohkakaopulver, Bio, 250 g"},"content":{"rendered":"<h2>Bio-Rohkakaopulver: die Authentizit\u00e4t einer n\u00e4hrstoffreichen Schokolade<\/h2>\n<p class=\"translation-block\">Aus Criollo-Bohnen (Kooperative Pangoa) und Chuncho-Bohnen (Kooperative Alto Urubamba) aus Peru stammend, verf\u00fchrt unser unger\u00f6stetes Bio-Kakaopulver durch sein intensives Aroma und fruchtige Noten. Handwerklich verarbeitet, bewahrt es einen bemerkenswerten N\u00e4hrwert dank einer respektvollen und schonenden Produktion. <strong>Ideal f\u00fcr Ihre Smoothies, Backwaren oder Schokoladengetr\u00e4nke<\/strong>, vereint es in jedem L\u00f6ffel Genuss und Authentizit\u00e4t.<\/p>\n<h3>Die unvergleichlichen Vorteile von unger\u00f6stetem Kakao<\/h3>\n<p>Im Gegensatz zu ger\u00f6stetem Kakao bewahrt roher Kakao eine hohe Konzentration an essenziellen N\u00e4hrstoffen. Er enth\u00e4lt von Natur aus Proteine, Ballaststoffe und Mineralien wie Eisen, Magnesium und Calcium. Diese Elemente tragen zur Aufrechterhaltung der Energie bei, unterst\u00fctzen das Nervensystem und helfen bei der nat\u00fcrlichen Regulierung der Blutzirkulation.<\/p>\n<h3>Warum unser Bio-Rohkakaopulver w\u00e4hlen?<\/h3>\n<p>Unser Kakao stammt ausschlie\u00dflich von peruanischen Kleinbauernkooperativen, die sich f\u00fcr fairen Handel engagieren. Jede T\u00fcte ist das Ergebnis handwerklicher Arbeit, die die Biodiversit\u00e4t und die Kleinproduzenten respektiert. Das Ergebnis: ein Pulver mit intensivem und authentischem Geschmack, das sich einfach in Ihre t\u00e4glichen Rezepte integrieren l\u00e4sst.<\/p>\n<h3>Wichtige Merkmale<\/h3>\n<ul>\n<li style=\"list-style-type: none;\">\n<ul>\n<li class=\"translation-block\"><strong>Einzigartige Zutat<\/strong> : 100 % biologischer, unger\u00f6steter Kakao<\/li>\n<li class=\"translation-block\"><strong>Bemerkenswerte N\u00e4hrwerte<\/strong>: 25,8 g Protein, 587,7 mg Magnesium und 18,2 mg Eisen pro 100 g<\/li>\n<li class=\"translation-block\"><strong>Fairtrade-zertifiziert<\/strong>: <a title=\"label SPP\" href=\"https:\/\/www.saldac.ch\/de\/spp-coop\/\" target=\"_self\"><span style=\"text-decoration: underline\">Label SPP<\/span><\/a>, garantiert einen positiven Einfluss f\u00fcr die Kleinproduzenten<\/li>\n<li class=\"translation-block\"><strong>Vielseitig<\/strong>: ideal f\u00fcr Smoothies, Backwaren, hei\u00dfe oder kalte Schokoladengetr\u00e4nke<\/li>\n<li class=\"translation-block\"><strong>Praktisches Format<\/strong>: in einem wiederverschlie\u00dfbaren Beutel verpackt, um Frische und Aroma zu bewahren<\/li>\n<\/ul>\n<h3>Durchschnittliche N\u00e4hrwerte pro 100 g<\/h3>\n<table>\n<tbody>\n<tr>\n<td><strong>Energiegehalt<\/strong><\/td>\n<td>450 kcal \/ 1 889 kJ<\/td>\n<\/tr>\n<tr>\n<td><strong>Kohlenhydrate<\/strong><\/td>\n<td>46,6 g (davon Zucker 2 g)<\/td>\n<\/tr>\n<tr>\n<td><strong>Fett<\/strong><\/td>\n<td>17,8 g (davon ges\u00e4ttigte Fetts\u00e4uren 10,9 g)<\/td>\n<\/tr>\n<tr>\n<td><strong>Eiwei\u00df<\/strong><\/td>\n<td>25,8 g<\/td>\n<\/tr>\n<tr>\n<td><strong>Salz<\/strong><\/td>\n<td>0,03 g<\/td>\n<\/tr>\n<tr>\n<td><strong>Eisen<\/strong><\/td>\n<td>18,2 mg<\/td>\n<\/tr>\n<tr>\n<td><strong>Magnesium<\/strong><\/td>\n<td>587,7 mg<\/td>\n<\/tr>\n<tr>\n<td><strong>Kalzium<\/strong><\/td>\n<td>153,7 mg<\/td>\n<\/tr>\n<tr>\n<td><strong>Phosphor<\/strong><\/td>\n<td>929,6 mg<\/td>\n<\/tr>\n<\/tbody>\n<\/table>\n<h3>Welcher Kakaopulver ist am ges\u00fcndesten?<\/h3>\n<p>Ein unverr\u00f6steter, biologischer Kakao ohne Zusatzstoffe ist in der Regel am interessantesten. Unser Kakaopulver stammt aus sorgf\u00e4ltig ausgew\u00e4hlten Bohnen und wird handwerklich verarbeitet, was eine hochwertige Qualit\u00e4t und ein vollst\u00e4ndiges N\u00e4hrstoffprofil garantiert.<\/p>\n<h3>Wie kann man unger\u00f6stetes Kakaopulver konsumieren?<\/h3>\n<p>Es l\u00e4sst sich leicht in Smoothies, Kuchen, Desserts oder Schokoladengetr\u00e4nke integrieren. Schon eine kleine Menge reicht aus, um Ihren Rezepten einen intensiven Geschmack zu verleihen und eine nat\u00fcrliche Portion wertvoller N\u00e4hrstoffe hinzuzuf\u00fcgen.<\/li>\n<\/ul>","protected":false},"excerpt":{"rendered":"<p>250g Beutel unger\u00f6stetes Kakaopulver, bio.<\/p>\n<p>Kr\u00e4ftig im Aroma und sehr fruchtig. Enth\u00e4lt noch mehr Vitamine als herk\u00f6mmlich ger\u00f6steter Kakao.<\/p>","protected":false},"featured_media":16560,"template":"","meta":{"inline_featured_image":false},"product_cat":[573],"product_tag":[108,60],"_links":{"self":[{"href":"https:\/\/www.saldac.ch\/de\/wp-json\/wp\/v2\/product\/11586"}],"collection":[{"href":"https:\/\/www.saldac.ch\/de\/wp-json\/wp\/v2\/product"}],"about":[{"href":"https:\/\/www.saldac.ch\/de\/wp-json\/wp\/v2\/types\/product"}],"wp:featuredmedia":[{"embeddable":true,"href":"https:\/\/www.saldac.ch\/de\/wp-json\/wp\/v2\/media\/16560"}],"wp:attachment":[{"href":"https:\/\/www.saldac.ch\/de\/wp-json\/wp\/v2\/media?parent=11586"}],"wp:term":[{"taxonomy":"product_cat","embeddable":true,"href":"https:\/\/www.saldac.ch\/de\/wp-json\/wp\/v2\/product_cat?post=11586"},{"taxonomy":"product_tag","embeddable":true,"href":"https:\/\/www.saldac.ch\/de\/wp-json\/wp\/v2\/product_tag?post=11586"}],"curies":[{"name":"wp","href":"https:\/\/api.w.org\/{rel}","templated":true}]}}