{"id":11594,"date":"2023-12-08T13:05:02","date_gmt":"2023-12-08T12:05:02","guid":{"rendered":"https:\/\/www.saldac.ch\/?post_type=product&#038;p=11594"},"modified":"2026-05-05T14:27:10","modified_gmt":"2026-05-05T12:27:10","slug":"cacao-cru-en-poudre-bio-4kg","status":"publish","type":"product","link":"https:\/\/www.saldac.ch\/de\/produkt\/cacao-cru-en-poudre-bio-4kg\/","title":{"rendered":"Roher Kakaopulver, bio, 4 kg"},"content":{"rendered":"<h2>Entdecken Sie rohen Kakao, eine Explosion von Geschmack und N\u00e4hrstoffen<\/h2>\n<p class=\"translation-block\">Genie\u00dfen Sie den vollen Reichtum des <strong>ungebrannten Kakaos<\/strong>, eines Lebensmittels, das seine nat\u00fcrlichen Vorteile bestm\u00f6glich bewahrt. Hergestellt aus sorgf\u00e4ltig ausgew\u00e4hlten Criollo- und Chuncho-Bohnen und mit Sorgfalt in Peru verarbeitet, bietet dieser Bio-Kakao eine au\u00dfergew\u00f6hnliche Aromaintensit\u00e4t und begleitet Sie t\u00e4glich f\u00fcr eine gesunde und ausgewogene Ern\u00e4hrung.<\/p>\n<h3>Ein Kakao mit bemerkenswerten N\u00e4hrstoffeigenschaften<\/h3>\n<p class=\"translation-block\">Im Gegensatz zu ger\u00f6stetem Kakao enth\u00e4lt roher Kakao mehr Vitamine. Von Natur aus eine Quelle von Eisen und Magnesium, tr\u00e4gt er dazu bei, M\u00fcdigkeit zu verringern und f\u00f6rdert eine gute Konzentration. Mit seinem <strong>intensiven und fruchtigen Geschmack<\/strong> ist er ideal, um Ihre s\u00fc\u00dfen Rezepte zu bereichern.<\/p>\n<h3>Die St\u00e4rken unseres biologischen, unger\u00f6steten Kakaos<\/h3>\n<ul>\n<li style=\"list-style-type: none;\">\n<ul>\n<li class=\"translation-block\"><strong>100 % reiner Bio-Rohkakao<\/strong>: Ohne Zusatzstoffe oder Konservierungsmittel<\/li>\n<li>Reich an essenziellen N\u00e4hrstoffen<\/li>\n<li class=\"translation-block\">Intensiver und authentischer Geschmack: Genie\u00dfen Sie ein <strong>kr\u00e4ftiges nat\u00fcrliches Aroma<\/strong> mit fruchtiger Note<\/li>\n<li>Leicht in der K\u00fcche zu verwenden: Perfekt f\u00fcr hei\u00dfe Schokoladen, Smoothies, Geb\u00e4ck und andere Zubereitungen<\/li>\n<li class=\"translation-block\">Fairer und ethischer Handel: <strong>SPP-zertifiziert<\/strong> (www.spp.coop\n), unterst\u00fctzt die peruanischen Kleinproduzenten<\/li>\n<\/ul>\n<\/li>\n<\/ul>\n<p><strong>N\u00e4hrwertangaben (durchschnittliche Werte pro 100 g)<\/strong><\/p>\n<ul>\n<li style=\"list-style-type: none;\">\n<ul>\n<li>Kohlenhydrate: 46,6 g (davon Zucker 2 g)<\/li>\n<li>Fett: 17,8 g (davon ges\u00e4ttigte Fetts\u00e4uren 10,9 g)<\/li>\n<li>Eiwei\u00df: 25,8 g<\/li>\n<li>Salz: 0,03 g<\/li>\n<li>Energiegehalt: 450 kcal \/ 1 889 kJ<\/li>\n<li>Eisen: 18,2 mg<\/li>\n<li>Magnesium: 587,7 mg<\/li>\n<li>Kalzium: 153,7 mg<\/li>\n<li>Phosphor: 929,6 mg<\/li>\n<\/ul>\n<\/li>\n<\/ul>","protected":false},"excerpt":{"rendered":"<p>4-kg-Beutel unger\u00f6stetes Kakaopulver, Bio.<\/p>\n<p>Kr\u00e4ftig im Aroma und sehr fruchtig. Enth\u00e4lt noch mehr Vitamine als herk\u00f6mmlich ger\u00f6steter Kakao.<\/p>","protected":false},"featured_media":14850,"template":"","meta":{"inline_featured_image":false},"product_cat":[573],"product_tag":[108,60],"_links":{"self":[{"href":"https:\/\/www.saldac.ch\/de\/wp-json\/wp\/v2\/product\/11594"}],"collection":[{"href":"https:\/\/www.saldac.ch\/de\/wp-json\/wp\/v2\/product"}],"about":[{"href":"https:\/\/www.saldac.ch\/de\/wp-json\/wp\/v2\/types\/product"}],"wp:featuredmedia":[{"embeddable":true,"href":"https:\/\/www.saldac.ch\/de\/wp-json\/wp\/v2\/media\/14850"}],"wp:attachment":[{"href":"https:\/\/www.saldac.ch\/de\/wp-json\/wp\/v2\/media?parent=11594"}],"wp:term":[{"taxonomy":"product_cat","embeddable":true,"href":"https:\/\/www.saldac.ch\/de\/wp-json\/wp\/v2\/product_cat?post=11594"},{"taxonomy":"product_tag","embeddable":true,"href":"https:\/\/www.saldac.ch\/de\/wp-json\/wp\/v2\/product_tag?post=11594"}],"curies":[{"name":"wp","href":"https:\/\/api.w.org\/{rel}","templated":true}]}}