{"id":11608,"date":"2023-12-14T10:17:59","date_gmt":"2023-12-14T09:17:59","guid":{"rendered":"https:\/\/www.saldac.ch\/?post_type=product&#038;p=11608"},"modified":"2025-12-02T20:41:15","modified_gmt":"2025-12-02T19:41:15","slug":"calebasse-bombilla","status":"publish","type":"product","link":"https:\/\/www.saldac.ch\/de\/produkt\/calebasse-bombilla\/","title":{"rendered":"Kalebasse &amp; Bombilla"},"content":{"rendered":"<h2>Kalebasse &amp; Bombilla: Die Kunst, Matetee zu genie\u00dfen<\/h2>\n<p class=\"translation-block\">Tauchen Sie ein in die authentische s\u00fcdamerikanische Tradition mit unserem Set aus <strong>Kalebasse &amp; Bombilla<\/strong> \u2013 wahre handwerkliche Schmuckst\u00fccke f\u00fcr alle Matetee-Liebhaber. Diese unverzichtbaren Accessoires verwandeln jede Verkostung in einen besonderen Moment, in dem jahrhundertealte Tradition und nat\u00fcrlicher Genuss aufeinandertreffen.<\/p>\n<h2>Erleben Sie das Matetee-Ritual in seiner ganzen Pracht<\/h2>\n<p class=\"translation-block\">Die <strong>Kalebasse und die Bombilla<\/strong> erz\u00e4hlen eine Geschichte: die von Gemeinschaft, Kultur und Lebensart. Weit mehr als einfache Utensilien laden sie Sie zu einer sinnlichen Reise ein, die f\u00fcr jeden zug\u00e4nglich ist. Ob Sie Matetee zum ersten Mal entdecken oder bereits Kenner sind \u2013 mit diesen Accessoires genie\u00dfen Sie die komplexen Aromen und den reichen Geschmack dieser <strong>jahrhundertealten Infusion<\/strong> in voller Intensit\u00e4t.<\/p>\n<h3>Genie\u00dfen Sie Ihren Matetee in der reinsten Tradition<\/h3>\n<p class=\"translation-block\">Verwandeln Sie Ihre t\u00e4gliche Matetee-Pause in ein Ritual mit der Kalebasse, die speziell daf\u00fcr entwickelt wurde, <strong>die W\u00e4rme zu bewahren und alle aromatischen Nuancen Ihrer Infusion hervorzuheben<\/strong>. In Kombination mit der <strong>Bombilla<\/strong> mit ihrem perfekt abgestimmten Filter wird jeder Schluck zu einem Moment der R\u00fcckkehr zu den Wurzeln \u2013 ideal, um das Tempo zu verlangsamen und den Augenblick bewusst zu genie\u00dfen.<\/p>\n<h2>H\u00e4ufige Fragen zur Kalebasse und Bombilla<\/h2>\n<h3>Was sind eine Kalebasse und eine Bombilla?<\/h3>\n<p class=\"translation-block\">Die Kalebasse ist das <strong>traditionelle Gef\u00e4\u00df zur Zubereitung und zum Trinken von Matetee<\/strong>. Die Bombilla hingegen ist ein <strong>Metallstrohhalm<\/strong> mit einem Filter am Ende, der es erm\u00f6glicht, das Getr\u00e4nk zu trinken, ohne die Kr\u00e4uter aufzunehmen.<\/p>\n<h3>Welche verschiedenen Arten von Kalebassen gibt es?<\/h3>\n<p class=\"translation-block\">Es gibt mehrere Modelle, je nach Vorliebe: die <strong>Kalebasse aus K\u00fcrbis<\/strong> f\u00fcr ein traditionelles Erlebnis, aus <strong>Keramik f\u00fcr mehr Stabilit\u00e4t<\/strong>, aus <strong>Holz f\u00fcr einen nat\u00fcrlichen Look<\/strong> oder aus Edelstahl f\u00fcr maximale Haltbarkeit.<\/p>\n<h3>Wie pflege ich meine Kalebasse und meine Bombilla richtig?<\/h3>\n<p>Sp\u00fclen Sie die Kalebasse nach dem Gebrauch mit hei\u00dfem Wasser (ohne Seife) aus und lassen Sie sie an der Luft trocknen. Reinigen Sie die Bombilla mit einer feinen B\u00fcrste, um R\u00fcckst\u00e4nde zu entfernen und einen gleichm\u00e4\u00dfigen Durchfluss des Getr\u00e4nks zu gew\u00e4hrleisten.<\/p>","protected":false},"excerpt":{"rendered":"<p>Kalebasse mit leichtem Metallring f\u00fcr l\u00e4ngere Haltbarkeit und eine ansprechendere Optik. Dazu ein \u00abgefilterter\u00bb Strohhalm aus Aluminium (Bombilla).<\/p>","protected":false},"featured_media":15308,"template":"","meta":{"inline_featured_image":false},"product_cat":[574],"product_tag":[108],"_links":{"self":[{"href":"https:\/\/www.saldac.ch\/de\/wp-json\/wp\/v2\/product\/11608"}],"collection":[{"href":"https:\/\/www.saldac.ch\/de\/wp-json\/wp\/v2\/product"}],"about":[{"href":"https:\/\/www.saldac.ch\/de\/wp-json\/wp\/v2\/types\/product"}],"wp:featuredmedia":[{"embeddable":true,"href":"https:\/\/www.saldac.ch\/de\/wp-json\/wp\/v2\/media\/15308"}],"wp:attachment":[{"href":"https:\/\/www.saldac.ch\/de\/wp-json\/wp\/v2\/media?parent=11608"}],"wp:term":[{"taxonomy":"product_cat","embeddable":true,"href":"https:\/\/www.saldac.ch\/de\/wp-json\/wp\/v2\/product_cat?post=11608"},{"taxonomy":"product_tag","embeddable":true,"href":"https:\/\/www.saldac.ch\/de\/wp-json\/wp\/v2\/product_tag?post=11608"}],"curies":[{"name":"wp","href":"https:\/\/api.w.org\/{rel}","templated":true}]}}