{"id":11612,"date":"2023-12-14T10:17:59","date_gmt":"2023-12-14T09:17:59","guid":{"rendered":"https:\/\/www.saldac.ch\/produit\/mate-aromatises-sachet-de-100gr-bio-equitable-2\/"},"modified":"2025-02-14T09:08:10","modified_gmt":"2025-02-14T08:08:10","slug":"mate-aromatises-sachet-de-100gr-bio-equitable-2","status":"publish","type":"product","link":"https:\/\/www.saldac.ch\/de\/produkt\/mate-aromatises-sachet-de-100gr-bio-equitable-2\/","title":{"rendered":"Aromatisierte Matetees, Beutel 100 g, bio &amp; fair gehandelt"},"content":{"rendered":"<p><strong>Erfrischender und belebender Aufguss mit vielf\u00e4ltigen Geschmacksrichtungen.<\/strong><\/p>\n<p><strong>Zertifiziert fair gehandelt durch Fair For Life (FFL).<\/strong><\/p>","protected":false},"excerpt":{"rendered":"<p>Infusion d\u00e9salt\u00e9rante et \u00e9nergisante aux saveurs vari\u00e9es. Certifi\u00e9 Commerce \u00e9quitable par Fair For Life (FFL).<\/p>","protected":false},"featured_media":11655,"template":"","meta":{"inline_featured_image":false},"product_cat":[574],"product_tag":[108],"_links":{"self":[{"href":"https:\/\/www.saldac.ch\/de\/wp-json\/wp\/v2\/product\/11612"}],"collection":[{"href":"https:\/\/www.saldac.ch\/de\/wp-json\/wp\/v2\/product"}],"about":[{"href":"https:\/\/www.saldac.ch\/de\/wp-json\/wp\/v2\/types\/product"}],"wp:featuredmedia":[{"embeddable":true,"href":"https:\/\/www.saldac.ch\/de\/wp-json\/wp\/v2\/media\/11655"}],"wp:attachment":[{"href":"https:\/\/www.saldac.ch\/de\/wp-json\/wp\/v2\/media?parent=11612"}],"wp:term":[{"taxonomy":"product_cat","embeddable":true,"href":"https:\/\/www.saldac.ch\/de\/wp-json\/wp\/v2\/product_cat?post=11612"},{"taxonomy":"product_tag","embeddable":true,"href":"https:\/\/www.saldac.ch\/de\/wp-json\/wp\/v2\/product_tag?post=11612"}],"curies":[{"name":"wp","href":"https:\/\/api.w.org\/{rel}","templated":true}]}}