{"id":11615,"date":"2023-12-14T10:18:00","date_gmt":"2023-12-14T09:18:00","guid":{"rendered":"https:\/\/www.saldac.ch\/produit\/cacao-en-poudre-sucre-bio-250gr\/"},"modified":"2026-04-27T12:39:42","modified_gmt":"2026-04-27T10:39:42","slug":"cacao-en-poudre-sucre-bio-250gr","status":"publish","type":"product","link":"https:\/\/www.saldac.ch\/de\/produkt\/cacao-en-poudre-sucre-bio-250gr\/","title":{"rendered":"Ges\u00fc\u00dftes Kakaopulver, bio, 250 g"},"content":{"rendered":"<h2>Kakaopulver: das Vergn\u00fcgen von Kakao &amp; Panela<\/h2>\n<p class=\"translation-block\">Genie\u00dfen Sie ein <strong>besonderes Kakaopulver<\/strong>, ideal zur Zubereitung wohltuender Hei\u00dfgetr\u00e4nke oder zur Verfeinerung Ihrer hausgemachten Desserts. Hergestellt aus <strong>Criollo-Bohnen aus Peru<\/strong>, bietet dieses Kakaopulver in Kombination mit dem vollwertigen Bio-Rohrzucker \u201ePanela\u201c ein perfektes Gleichgewicht zwischen <strong>S\u00fc\u00dfe und Intensit\u00e4t<\/strong>. Sein aromatischer Reichtum und sein authentischer Geschmack begeistern selbst die anspruchsvollsten Gaumen, die ein echtes Kakaoerlebnis suchen.<\/p>\n<h3>Ein hochwertiges Kakaopulver, aus handwerklichem Know-how hergestellt<\/h3>\n<p class=\"translation-block\">Mit Leidenschaft in <strong>Peru<\/strong> von einer handwerklichen Chocolaterie verarbeitet, hebt dieses Kakaopulver die Criollo-Bohnen der Genossenschaft Pangoa und die kostbaren Chuncho-Bohnen der Genossenschaft Alto Urubamba hervor. Diese sorgf\u00e4ltig abgestimmte Kombination garantiert Ihnen eine au\u00dfergew\u00f6hnliche aromatische Tiefe, perfekt sowohl zum puren Genuss als auch zur Erg\u00e4nzung Ihrer kulinarischen Kreationen.<\/p>\n<p class=\"translation-block\">Sein harmonisches Gleichgewicht aus <strong>50 % Kakao und 50 % vollwertigem Bio-Rohrzucker (Panela)<\/strong> l\u00e4sst Sie den echten Geschmack von Schokolade neu entdecken \u2013 zwischen ausgepr\u00e4gten Kakaonoten und nat\u00fcrlicher S\u00fc\u00dfe. Frei von Zusatzstoffen und Konservierungsmitteln, stellt er eine genussvolle und gesunde Alternative f\u00fcr Ihre t\u00e4glichen Schokoladengetr\u00e4nke und Ihre anspruchsvollsten Backkreationen dar.<\/p>\n<h3>Die Vorteile dieses Bio-Kakaopulvers<\/h3>\n<p class=\"translation-block\"><strong>Au\u00dfergew\u00f6hnlicher Kakao<\/strong>: Criollo- und Chuncho-Bohnen, bekannt f\u00fcr ihre aromatische Finesse und ihren authentischen Charakter.<\/p>\n<p class=\"translation-block\"><strong>Perfektes Gleichgewicht<\/strong>: Ein ideales Verh\u00e4ltnis von 50 % Kakao f\u00fcr eine genussvolle Intensit\u00e4t, kombiniert mit 50 % Vollrohrzucker f\u00fcr eine nat\u00fcrliche S\u00fc\u00dfe.<\/p>\n<p class=\"translation-block\"><strong>Fairer Handel<\/strong>: SPP-zertifiziert (www.spp.coop\n) garantiert dieses Produkt direkte und faire Unterst\u00fctzung f\u00fcr die Kleinproduzenten und ihr Know-how.<\/p>\n<p class=\"translation-block\"><strong>Ohne Zusatzstoffe<\/strong>: Eine reine und nat\u00fcrliche Zusammensetzung, ideal f\u00fcr Verbraucher, die auf ihre Ern\u00e4hrung achten.<\/p>\n<p><strong>N\u00e4hrwertangaben (durchschnittliche Werte pro 100 g)<\/strong><\/p>\n<ul>\n<li style=\"list-style-type: none;\">\n<ul>\n<li>Kohlenhydrate: 72,2 g (davon Zucker 34,1 g)<\/li>\n<li>Fett: 6,6 g (davon ges\u00e4ttigte Fetts\u00e4uren 3,5 g)<\/li>\n<li>Eiwei\u00df: 13,6 g Salz: 0,1 g<\/li>\n<li>Energiegehalt: 403 kcal \/ 1 702 kJ<\/li>\n<li>Eisen: 9,9 mg<\/li>\n<li>Magnesium: 287 mg<\/li>\n<li>Kalzium: 108 mg<\/li>\n<li>Phosphor: 469 mg<\/li>\n<\/ul>\n<\/li>\n<\/ul>","protected":false},"excerpt":{"rendered":"<p class=\"translation-block\"><strong>Ges\u00fc\u00dftes Kakaopulver mit vollwertigem Bio-Rohrzucker \u201ePanela\u201c<\/strong>. <strong>Zutaten<\/strong>: Kakao 50 %, Vollrohrzucker 50 %<\/p>\n<p>Gut ausgewogen im Aroma (50 % Kakao und 50 % Zucker), ist dieser Kakao ausgezeichnet f\u00fcr hei\u00dfe oder kalte Schokoladen oder Kuchen.<\/p>","protected":false},"featured_media":14846,"template":"","meta":{"inline_featured_image":false},"product_cat":[573],"product_tag":[108,60],"_links":{"self":[{"href":"https:\/\/www.saldac.ch\/de\/wp-json\/wp\/v2\/product\/11615"}],"collection":[{"href":"https:\/\/www.saldac.ch\/de\/wp-json\/wp\/v2\/product"}],"about":[{"href":"https:\/\/www.saldac.ch\/de\/wp-json\/wp\/v2\/types\/product"}],"wp:featuredmedia":[{"embeddable":true,"href":"https:\/\/www.saldac.ch\/de\/wp-json\/wp\/v2\/media\/14846"}],"wp:attachment":[{"href":"https:\/\/www.saldac.ch\/de\/wp-json\/wp\/v2\/media?parent=11615"}],"wp:term":[{"taxonomy":"product_cat","embeddable":true,"href":"https:\/\/www.saldac.ch\/de\/wp-json\/wp\/v2\/product_cat?post=11615"},{"taxonomy":"product_tag","embeddable":true,"href":"https:\/\/www.saldac.ch\/de\/wp-json\/wp\/v2\/product_tag?post=11615"}],"curies":[{"name":"wp","href":"https:\/\/api.w.org\/{rel}","templated":true}]}}