{"id":11619,"date":"2023-12-14T10:18:01","date_gmt":"2023-12-14T09:18:01","guid":{"rendered":"https:\/\/www.saldac.ch\/produit\/mate-nature-tradition-bio-equitable-infusettes\/"},"modified":"2026-04-29T13:29:05","modified_gmt":"2026-04-29T11:29:05","slug":"mate-nature-tradition-bio-equitable-infusettes","status":"publish","type":"product","link":"https:\/\/www.saldac.ch\/de\/produkt\/mate-nature-tradition-bio-equitable-infusettes\/","title":{"rendered":"Matetee natur \u00abTradition\u00bb, bio &amp; fair gehandelt \u2013 Teebeutel"},"content":{"rendered":"<p>Schachtel mit 20 Teebeuteln<\/p>\n<p>Verkauf nur im 6er-Pack f\u00fcr Fachh\u00e4ndler\/Partner<\/p>\n<p>Zertifiziert fair gehandelt durch Fair For Life (FFL).<\/p>","protected":false},"excerpt":{"rendered":"<p>F\u00fcr Gesch\u00e4ftspartner: Verkauf nur kartonweise zu 6 St\u00fcck<\/p>","protected":false},"featured_media":908,"template":"","meta":{"inline_featured_image":false},"product_cat":[574],"product_tag":[108],"_links":{"self":[{"href":"https:\/\/www.saldac.ch\/de\/wp-json\/wp\/v2\/product\/11619"}],"collection":[{"href":"https:\/\/www.saldac.ch\/de\/wp-json\/wp\/v2\/product"}],"about":[{"href":"https:\/\/www.saldac.ch\/de\/wp-json\/wp\/v2\/types\/product"}],"wp:featuredmedia":[{"embeddable":true,"href":"https:\/\/www.saldac.ch\/de\/wp-json\/wp\/v2\/media\/908"}],"wp:attachment":[{"href":"https:\/\/www.saldac.ch\/de\/wp-json\/wp\/v2\/media?parent=11619"}],"wp:term":[{"taxonomy":"product_cat","embeddable":true,"href":"https:\/\/www.saldac.ch\/de\/wp-json\/wp\/v2\/product_cat?post=11619"},{"taxonomy":"product_tag","embeddable":true,"href":"https:\/\/www.saldac.ch\/de\/wp-json\/wp\/v2\/product_tag?post=11619"}],"curies":[{"name":"wp","href":"https:\/\/api.w.org\/{rel}","templated":true}]}}