{"id":11623,"date":"2023-12-14T10:18:01","date_gmt":"2023-12-14T09:18:01","guid":{"rendered":"https:\/\/www.saldac.ch\/produit\/mate-aromatise-sachet-de-80gr-bio-equitable-moringa\/"},"modified":"2026-04-07T08:38:50","modified_gmt":"2026-04-07T06:38:50","slug":"mate-aromatise-sachet-de-80gr-bio-equitable-moringa","status":"publish","type":"product","link":"https:\/\/www.saldac.ch\/de\/produkt\/mate-aromatise-sachet-de-80gr-bio-equitable-moringa\/","title":{"rendered":"Matetee aromatisiert, Beutel 80 g, bio, fair gehandelt, Moringa"},"content":{"rendered":"<p>Nur im 6er-Pack f\u00fcr Fachh\u00e4ndler\/Partner erh\u00e4ltlich.<\/p>\n<p>Mit Moringa f\u00fcr Vitamine und Mineralstoffe.<\/p>\n<p>Zutaten: Matetee, Moringa.<\/p>\n<p>Zertifiziert fair gehandelt durch Fair For Life (FFL).<\/p>","protected":false},"excerpt":{"rendered":"<p>F\u00fcr Gesch\u00e4ftspartner: Verkauf nur kartonweise zu 6 St\u00fcck<\/p>","protected":false},"featured_media":5339,"template":"","meta":{"inline_featured_image":false},"product_cat":[574],"product_tag":[108],"_links":{"self":[{"href":"https:\/\/www.saldac.ch\/de\/wp-json\/wp\/v2\/product\/11623"}],"collection":[{"href":"https:\/\/www.saldac.ch\/de\/wp-json\/wp\/v2\/product"}],"about":[{"href":"https:\/\/www.saldac.ch\/de\/wp-json\/wp\/v2\/types\/product"}],"wp:featuredmedia":[{"embeddable":true,"href":"https:\/\/www.saldac.ch\/de\/wp-json\/wp\/v2\/media\/5339"}],"wp:attachment":[{"href":"https:\/\/www.saldac.ch\/de\/wp-json\/wp\/v2\/media?parent=11623"}],"wp:term":[{"taxonomy":"product_cat","embeddable":true,"href":"https:\/\/www.saldac.ch\/de\/wp-json\/wp\/v2\/product_cat?post=11623"},{"taxonomy":"product_tag","embeddable":true,"href":"https:\/\/www.saldac.ch\/de\/wp-json\/wp\/v2\/product_tag?post=11623"}],"curies":[{"name":"wp","href":"https:\/\/api.w.org\/{rel}","templated":true}]}}