{"id":11624,"date":"2023-12-14T10:18:01","date_gmt":"2023-12-14T09:18:01","guid":{"rendered":"https:\/\/www.saldac.ch\/produit\/mate-aromatise-sachet-de-100gr-bio-equitable-gingembre-citron\/"},"modified":"2026-05-01T10:26:46","modified_gmt":"2026-05-01T08:26:46","slug":"mate-aromatise-sachet-de-100gr-bio-equitable-gingembre-citron","status":"publish","type":"product","link":"https:\/\/www.saldac.ch\/de\/produkt\/mate-aromatise-sachet-de-100gr-bio-equitable-gingembre-citron\/","title":{"rendered":"Matetee aromatisiert, Beutel 100 g, bio, fair gehandelt, Ingwer-Zitrone"},"content":{"rendered":"<p>Nur im 6er-Pack f\u00fcr Fachh\u00e4ndler\/Partner erh\u00e4ltlich<\/p>\n<p>Zutaten: Matetee, Ingwer, Zitronengras, Zitronen\u00f6l.<\/p>\n<p>Zertifiziert fair gehandelt durch Fair For Life (FFL).<\/p>","protected":false},"excerpt":{"rendered":"<p>F\u00fcr Gesch\u00e4ftspartner: Verkauf nur kartonweise zu 6 St\u00fcck<\/p>","protected":false},"featured_media":927,"template":"","meta":{"inline_featured_image":false},"product_cat":[574],"product_tag":[108],"_links":{"self":[{"href":"https:\/\/www.saldac.ch\/de\/wp-json\/wp\/v2\/product\/11624"}],"collection":[{"href":"https:\/\/www.saldac.ch\/de\/wp-json\/wp\/v2\/product"}],"about":[{"href":"https:\/\/www.saldac.ch\/de\/wp-json\/wp\/v2\/types\/product"}],"wp:featuredmedia":[{"embeddable":true,"href":"https:\/\/www.saldac.ch\/de\/wp-json\/wp\/v2\/media\/927"}],"wp:attachment":[{"href":"https:\/\/www.saldac.ch\/de\/wp-json\/wp\/v2\/media?parent=11624"}],"wp:term":[{"taxonomy":"product_cat","embeddable":true,"href":"https:\/\/www.saldac.ch\/de\/wp-json\/wp\/v2\/product_cat?post=11624"},{"taxonomy":"product_tag","embeddable":true,"href":"https:\/\/www.saldac.ch\/de\/wp-json\/wp\/v2\/product_tag?post=11624"}],"curies":[{"name":"wp","href":"https:\/\/api.w.org\/{rel}","templated":true}]}}