{"id":11629,"date":"2023-12-14T10:18:02","date_gmt":"2023-12-14T09:18:02","guid":{"rendered":"https:\/\/www.saldac.ch\/produit\/mate-aromatise-sachet-de-100gr-bio-equitable-vitamate\/"},"modified":"2026-04-05T11:50:11","modified_gmt":"2026-04-05T09:50:11","slug":"mate-aromatise-sachet-de-100gr-bio-equitable-vitamate","status":"publish","type":"product","link":"https:\/\/www.saldac.ch\/de\/produkt\/mate-aromatise-sachet-de-100gr-bio-equitable-vitamate\/","title":{"rendered":"Matetee aromatisiert, Beutel 100 g, bio, fair gehandelt, Vitamat\u00e9"},"content":{"rendered":"<p>Nur im 6er-Pack f\u00fcr Fachh\u00e4ndler\/Partner erh\u00e4ltlich<\/p>\n<p>Matetee mit gr\u00fcnem Tee, Ingwer, biologischem Guarana aus Brasilien.<\/p>\n<p>Zutaten: Matetee, Ingwer, Gr\u00fcner Tee, Guarana, Zitronen\u00f6l.<\/p>\n<p>Zertifiziert fair gehandelt durch Fair For Life (FFL).<\/p>","protected":false},"excerpt":{"rendered":"<p>F\u00fcr Gesch\u00e4ftspartner: Verkauf nur kartonweise zu 6 St\u00fcck<\/p>","protected":false},"featured_media":10542,"template":"","meta":{"inline_featured_image":false},"product_cat":[574],"product_tag":[108],"_links":{"self":[{"href":"https:\/\/www.saldac.ch\/de\/wp-json\/wp\/v2\/product\/11629"}],"collection":[{"href":"https:\/\/www.saldac.ch\/de\/wp-json\/wp\/v2\/product"}],"about":[{"href":"https:\/\/www.saldac.ch\/de\/wp-json\/wp\/v2\/types\/product"}],"wp:featuredmedia":[{"embeddable":true,"href":"https:\/\/www.saldac.ch\/de\/wp-json\/wp\/v2\/media\/10542"}],"wp:attachment":[{"href":"https:\/\/www.saldac.ch\/de\/wp-json\/wp\/v2\/media?parent=11629"}],"wp:term":[{"taxonomy":"product_cat","embeddable":true,"href":"https:\/\/www.saldac.ch\/de\/wp-json\/wp\/v2\/product_cat?post=11629"},{"taxonomy":"product_tag","embeddable":true,"href":"https:\/\/www.saldac.ch\/de\/wp-json\/wp\/v2\/product_tag?post=11629"}],"curies":[{"name":"wp","href":"https:\/\/api.w.org\/{rel}","templated":true}]}}