{"id":11635,"date":"2023-12-14T10:18:04","date_gmt":"2023-12-14T09:18:04","guid":{"rendered":"https:\/\/www.saldac.ch\/produit\/cacao-pur-en-poudre-bio-equitable-1kg\/"},"modified":"2026-03-31T08:55:59","modified_gmt":"2026-03-31T06:55:59","slug":"cacao-pur-en-poudre-bio-equitable-1kg","status":"publish","type":"product","link":"https:\/\/www.saldac.ch\/de\/produkt\/cacao-pur-en-poudre-bio-equitable-1kg\/","title":{"rendered":"Reines Kakaopulver, bio, fair, 1 kg"},"content":{"rendered":"<p>1-kg-Beutel reines Kakaopulver, bio.<\/p>\n<p class=\"translation-block\">In Peru verarbeitet von einer kleinen Schokoladenmanufaktur mit Criollo-Bohnen der Genossenschaft Pangoa und Chuncho-Bohnen (eine lokale Criollo-Sorte) der Genossenschaft Alto Urubamba.<br>\nKr\u00e4ftig im Aroma, ausgezeichnet f\u00fcr hei\u00dfe oder kalte Schokoladen und Kuchen.<\/p>\n<p>Zutaten: 100 % Kakaopulver<\/p>","protected":false},"excerpt":{"rendered":"<p>Kr\u00e4ftiges Aroma, ideal f\u00fcr hei\u00dfe oder kalte Schokoladengetr\u00e4nke und Kuchen.<\/p>","protected":false},"featured_media":5321,"template":"","meta":{"inline_featured_image":false},"product_cat":[573],"product_tag":[108,60],"_links":{"self":[{"href":"https:\/\/www.saldac.ch\/de\/wp-json\/wp\/v2\/product\/11635"}],"collection":[{"href":"https:\/\/www.saldac.ch\/de\/wp-json\/wp\/v2\/product"}],"about":[{"href":"https:\/\/www.saldac.ch\/de\/wp-json\/wp\/v2\/types\/product"}],"wp:featuredmedia":[{"embeddable":true,"href":"https:\/\/www.saldac.ch\/de\/wp-json\/wp\/v2\/media\/5321"}],"wp:attachment":[{"href":"https:\/\/www.saldac.ch\/de\/wp-json\/wp\/v2\/media?parent=11635"}],"wp:term":[{"taxonomy":"product_cat","embeddable":true,"href":"https:\/\/www.saldac.ch\/de\/wp-json\/wp\/v2\/product_cat?post=11635"},{"taxonomy":"product_tag","embeddable":true,"href":"https:\/\/www.saldac.ch\/de\/wp-json\/wp\/v2\/product_tag?post=11635"}],"curies":[{"name":"wp","href":"https:\/\/api.w.org\/{rel}","templated":true}]}}