{"id":11636,"date":"2023-12-14T10:18:05","date_gmt":"2023-12-14T09:18:05","guid":{"rendered":"https:\/\/www.saldac.ch\/produit\/cacao-pur-en-poudre-bio-equitable-4kg\/"},"modified":"2026-04-29T13:32:59","modified_gmt":"2026-04-29T11:32:59","slug":"cacao-pur-en-poudre-bio-equitable-4kg","status":"publish","type":"product","link":"https:\/\/www.saldac.ch\/de\/produkt\/cacao-pur-en-poudre-bio-equitable-4kg\/","title":{"rendered":"Reines Kakaopulver, bio, fair, 4 kg"},"content":{"rendered":"<p>Beutel mit 4 kg reinem Kakaopulver, bio.<\/p>\n<p>Hergestellt in Peru von einer kleinen Schokoladenmanufaktur mit Criollo-Bohnen der Genossenschaft Pangoa und Chuncho-Bohnen (eine lokale Criollo-Variante) der Genossenschaft Alto Urubamba. Kr\u00e4ftig im Aroma.<\/p>\n<p>Hervorragend geeignet f\u00fcr hei\u00dfe oder kalte Schokoladen sowie Kuchen.<\/p>\n<p>Zutaten: 100 % Kakaopulver<\/p>","protected":false},"excerpt":{"rendered":"<p>Kr\u00e4ftiges Aroma, ideal f\u00fcr hei\u00dfe oder kalte Schokoladengetr\u00e4nke und Kuchen.<\/p>","protected":false},"featured_media":5346,"template":"","meta":{"inline_featured_image":false},"product_cat":[573],"product_tag":[108,60],"_links":{"self":[{"href":"https:\/\/www.saldac.ch\/de\/wp-json\/wp\/v2\/product\/11636"}],"collection":[{"href":"https:\/\/www.saldac.ch\/de\/wp-json\/wp\/v2\/product"}],"about":[{"href":"https:\/\/www.saldac.ch\/de\/wp-json\/wp\/v2\/types\/product"}],"wp:featuredmedia":[{"embeddable":true,"href":"https:\/\/www.saldac.ch\/de\/wp-json\/wp\/v2\/media\/5346"}],"wp:attachment":[{"href":"https:\/\/www.saldac.ch\/de\/wp-json\/wp\/v2\/media?parent=11636"}],"wp:term":[{"taxonomy":"product_cat","embeddable":true,"href":"https:\/\/www.saldac.ch\/de\/wp-json\/wp\/v2\/product_cat?post=11636"},{"taxonomy":"product_tag","embeddable":true,"href":"https:\/\/www.saldac.ch\/de\/wp-json\/wp\/v2\/product_tag?post=11636"}],"curies":[{"name":"wp","href":"https:\/\/api.w.org\/{rel}","templated":true}]}}