{"id":11639,"date":"2023-12-14T10:18:05","date_gmt":"2023-12-14T09:18:05","guid":{"rendered":"https:\/\/www.saldac.ch\/produit\/feves-de-cacao-torrefiees-bio-equitable-5kg\/"},"modified":"2025-12-11T15:13:01","modified_gmt":"2025-12-11T14:13:01","slug":"feves-de-cacao-torrefiees-bio-equitable-5kg","status":"publish","type":"product","link":"https:\/\/www.saldac.ch\/de\/produkt\/feves-de-cacao-torrefiees-bio-equitable-5kg\/","title":{"rendered":"Ger\u00f6stete Kakaobohnen, bio, fair, 5 kg"},"content":{"rendered":"<p class=\"translation-block\"><strong>Ger\u00f6stete biologische Kakaobohnen<\/strong>, Sorte Criollo, reich an Magnesium. Einfach zum Knabbern oder zum Zersto\u00dfen mit Zucker, um handgemachte Schokolade herzustellen. M\u00f6glichkeit, sie mit Schokolade zu \u00fcberziehen oder kleine St\u00fccke in Geb\u00e4ck zu geben\u2026<\/p>\n<p class=\"translation-block\"><strong>Zutaten<\/strong> : ger\u00f6stete Kakaobohnen<\/p>\n<p><strong>N\u00e4hrwerteigenschaften <\/strong>(Durchschnittswerte pro 100 g)<\/p>\n<p>Kohlenhydrate: 31,2 g (davon Zucker 0,4 g)\nFett: 51,3 g (davon ges\u00e4ttigte Fetts\u00e4uren 28,4 g)\nEiwei\u00df: 12,3 g\nSalz: 0,01 g\nEnergie: 636 kcal \/ 2 638 kJ<\/p>\n<p><strong>Unser Sortiment an Butter, Kakao und Bohnen ist durch das SPP-System \u201eS\u00edmbolo de los Peque\u00f1os Productores\u201c als fair gehandelt zertifiziert \u2013 ein Label, das endlich den Produzenten geh\u00f6rt: www.spp.coop<\/strong><\/p>","protected":false},"excerpt":{"rendered":"<p>Criollo-Sorte, reich an Magnesium<\/p>","protected":false},"featured_media":11810,"template":"","meta":{"inline_featured_image":false},"product_cat":[573],"product_tag":[108,60],"_links":{"self":[{"href":"https:\/\/www.saldac.ch\/de\/wp-json\/wp\/v2\/product\/11639"}],"collection":[{"href":"https:\/\/www.saldac.ch\/de\/wp-json\/wp\/v2\/product"}],"about":[{"href":"https:\/\/www.saldac.ch\/de\/wp-json\/wp\/v2\/types\/product"}],"wp:featuredmedia":[{"embeddable":true,"href":"https:\/\/www.saldac.ch\/de\/wp-json\/wp\/v2\/media\/11810"}],"wp:attachment":[{"href":"https:\/\/www.saldac.ch\/de\/wp-json\/wp\/v2\/media?parent=11639"}],"wp:term":[{"taxonomy":"product_cat","embeddable":true,"href":"https:\/\/www.saldac.ch\/de\/wp-json\/wp\/v2\/product_cat?post=11639"},{"taxonomy":"product_tag","embeddable":true,"href":"https:\/\/www.saldac.ch\/de\/wp-json\/wp\/v2\/product_tag?post=11639"}],"curies":[{"name":"wp","href":"https:\/\/api.w.org\/{rel}","templated":true}]}}