{"id":11644,"date":"2023-12-14T10:18:06","date_gmt":"2023-12-14T09:18:06","guid":{"rendered":"https:\/\/www.saldac.ch\/produit\/beurre-de-cacao-cru-non-fermente-bio-equitable-250gr\/"},"modified":"2026-04-04T08:37:09","modified_gmt":"2026-04-04T06:37:09","slug":"beurre-de-cacao-cru-non-fermente-bio-equitable-200gr","status":"publish","type":"product","link":"https:\/\/www.saldac.ch\/de\/produkt\/beurre-de-cacao-cru-non-fermente-bio-equitable-200gr\/","title":{"rendered":"Rohkakaobutter, unfermentiert, bio, fair gehandelt, 200 g"},"content":{"rendered":"<p>Er wurde gleichzeitig mit dem Kakaopulver in Peru extrahiert, bei Temperaturen, die niemals 42\u00b0 \u00fcberschreiten. Er ist naturbelassen, nicht desodoriert und verstr\u00f6mt ein kr\u00e4ftiges Aroma, das sowohl zu s\u00fc\u00dfen als auch zu herzhaften Speisen passt.<\/p>\n<p class=\"translation-block\">Sie k\u00f6nnen die Kakaobutter <strong>sowohl in der K\u00fcche als auch in der Kosmetik<\/strong> verwenden: Sie machen eine wunderbare Maske, indem Sie einfach im Wasserbad geschmolzene Kakaobutter auftragen!<\/p>\n<p>Wenn Sie m\u00f6chten, k\u00f6nnen Sie Schokolade herstellen, indem Sie einen Teil Kakaopulver mit 1,2 Teilen Kakaobutter mischen. Im Wasserbad erhitzen.<\/p>\n<p>Zusammensetzung: 100 % Bio-Kakaobutter, fair gehandelt.<\/p>\n<p class=\"translation-block\">N\u00e4hrwertangaben pro 100 g:<br>\nKj: 3696 \u2013 Kcal: 899 \u2013 Fett: 100 g \u2013 davon ges\u00e4ttigte Fetts\u00e4uren: 63,20 g \u2013 Kohlenhydrate: 1 g \u2013 davon Zucker: 0,02 g \u2013 Eiwei\u00df: 0,50 g \u2013 Salz: 0,01 g<\/p>","protected":false},"excerpt":{"rendered":"<p>In Peru extrahiert, bei Temperaturen, die niemals 42\u00b0 \u00fcberschreiten, ist er naturbelassen, nicht desodoriert und verstr\u00f6mt ein kr\u00e4ftiges Aroma, das sowohl zu s\u00fc\u00dfen als auch zu herzhaften Speisen passt.<\/p>","protected":false},"featured_media":5350,"template":"","meta":{"inline_featured_image":false},"product_cat":[573],"product_tag":[108,60,114],"_links":{"self":[{"href":"https:\/\/www.saldac.ch\/de\/wp-json\/wp\/v2\/product\/11644"}],"collection":[{"href":"https:\/\/www.saldac.ch\/de\/wp-json\/wp\/v2\/product"}],"about":[{"href":"https:\/\/www.saldac.ch\/de\/wp-json\/wp\/v2\/types\/product"}],"wp:featuredmedia":[{"embeddable":true,"href":"https:\/\/www.saldac.ch\/de\/wp-json\/wp\/v2\/media\/5350"}],"wp:attachment":[{"href":"https:\/\/www.saldac.ch\/de\/wp-json\/wp\/v2\/media?parent=11644"}],"wp:term":[{"taxonomy":"product_cat","embeddable":true,"href":"https:\/\/www.saldac.ch\/de\/wp-json\/wp\/v2\/product_cat?post=11644"},{"taxonomy":"product_tag","embeddable":true,"href":"https:\/\/www.saldac.ch\/de\/wp-json\/wp\/v2\/product_tag?post=11644"}],"curies":[{"name":"wp","href":"https:\/\/api.w.org\/{rel}","templated":true}]}}