{"id":11646,"date":"2023-12-14T10:18:06","date_gmt":"2023-12-14T09:18:06","guid":{"rendered":"https:\/\/www.saldac.ch\/produit\/eclats-de-feves-de-cacao-nibs-bio-equitable-250gr\/"},"modified":"2026-04-09T13:39:08","modified_gmt":"2026-04-09T11:39:08","slug":"eclats-de-feves-de-cacao-nibs-bio-equitable-250gr","status":"publish","type":"product","link":"https:\/\/www.saldac.ch\/de\/produkt\/eclats-de-feves-de-cacao-nibs-bio-equitable-250gr\/","title":{"rendered":"Kakaobohnensplitter (Nibs), bio, fair gehandelt, 250 g"},"content":{"rendered":"<h2>Kakaonibs: das nat\u00fcrliche und genussvolle Erlebnis von roher Schokolade<\/h2>\n<p class=\"translation-block\">Genie\u00dfen Sie die Intensit\u00e4t von Schokolade in ihrer reinsten Form mit unseren <strong>biologischen und fair gehandelten Kakaonibs<\/strong>. Diese Splitter aus Criollo-Kakaobohnen bieten Ihnen ein authentisches Geschmackserlebnis, das Knusprigkeit und tiefes Aroma vereint. Nat\u00fcrlich reich an Antioxidantien, Ballaststoffen und essenziellen Mineralstoffen, sind sie eine gesunde und genussvolle Erg\u00e4nzung zu Ihrer t\u00e4glichen Ern\u00e4hrung \u2013 ideal zur Verfeinerung Ihrer kulinarischen Kreationen oder als energiereicher Snack.<\/p>\n<h3>Warum Kakaonibs w\u00e4hlen?<\/h3>\n<p class=\"translation-block\">Unsere Nibs stammen ausschlie\u00dflich aus der Sorte Criollo, die f\u00fcr ihre subtilen Aromen und ihre unvergleichliche Finesse bekannt ist. Jeder <strong>Rohkakaosplitter<\/strong> entf\u00fchrt Sie auf eine sensorische Reise, um die Tiefe des echten Kakaos zu entdecken. Ihre knackige Textur macht sie zur perfekten Alternative zu herk\u00f6mmlichen Schokoladenst\u00fcckchen, <strong>ohne zugesetzten Zucker und ohne industrielle Verarbeitung<\/strong>.<\/p>\n<p class=\"translation-block\">Diese kleinen nat\u00fcrlichen Sch\u00e4tze sind reich an Magnesium und Eisen. Mit der Wahl unserer <strong>Kakaonibs<\/strong> entscheiden Sie sich nicht nur f\u00fcr intensiven Genuss, sondern auch f\u00fcr ein n\u00e4hrstoffreiches Lebensmittel, das Ihr Wohlbefinden unterst\u00fctzt. Dar\u00fcber hinaus garantiert die Zertifizierung <strong>SPP \u2013 S\u00edmbolo de los Peque\u00f1os Productores<\/strong> eine ethische Produktion, die die Produzenten und ihre Arbeit respektiert.<\/p>\n<p><strong>N\u00e4hrwertangaben (durchschnittliche Werte pro 100 g)<\/strong><\/p>\n<ul>\n<li style=\"list-style-type: none;\">\n<ul>\n<li>Kohlenhydrate: 24,4 g (davon Zucker 0,5 g)<\/li>\n<li>Fette: 57 g (davon ges\u00e4ttigte Fetts\u00e4uren 33,5 g)<\/li>\n<li>Eiwei\u00df: 12,2 g<\/li>\n<li>Salz: 0,01 g<\/li>\n<li>Brennwert: 659 kcal \/ 2 731 kJ<\/li>\n<\/ul>\n<\/li>\n<\/ul>","protected":false},"excerpt":{"rendered":"<p class=\"translation-block\"><strong>Rohkakaosplitter aus biologischem Anbau<\/strong> (Nibs), Sorte Criollo, reich an Eisen und Magnesium.<\/p>","protected":false},"featured_media":14856,"template":"","meta":{"inline_featured_image":false},"product_cat":[573],"product_tag":[108,60],"_links":{"self":[{"href":"https:\/\/www.saldac.ch\/de\/wp-json\/wp\/v2\/product\/11646"}],"collection":[{"href":"https:\/\/www.saldac.ch\/de\/wp-json\/wp\/v2\/product"}],"about":[{"href":"https:\/\/www.saldac.ch\/de\/wp-json\/wp\/v2\/types\/product"}],"wp:featuredmedia":[{"embeddable":true,"href":"https:\/\/www.saldac.ch\/de\/wp-json\/wp\/v2\/media\/14856"}],"wp:attachment":[{"href":"https:\/\/www.saldac.ch\/de\/wp-json\/wp\/v2\/media?parent=11646"}],"wp:term":[{"taxonomy":"product_cat","embeddable":true,"href":"https:\/\/www.saldac.ch\/de\/wp-json\/wp\/v2\/product_cat?post=11646"},{"taxonomy":"product_tag","embeddable":true,"href":"https:\/\/www.saldac.ch\/de\/wp-json\/wp\/v2\/product_tag?post=11646"}],"curies":[{"name":"wp","href":"https:\/\/api.w.org\/{rel}","templated":true}]}}