{"id":11690,"date":"2023-12-14T11:39:34","date_gmt":"2023-12-14T10:39:34","guid":{"rendered":"https:\/\/www.saldac.ch\/produit\/encens-de-palo-santo-certifie-5x-10-pc-2\/"},"modified":"2024-12-28T11:41:46","modified_gmt":"2024-12-28T10:41:46","slug":"encens-de-palo-santo-certifie-5x-10-pc-2","status":"publish","type":"product","link":"https:\/\/www.saldac.ch\/de\/produkt\/encens-de-palo-santo-certifie-5x-10-pc-2\/","title":{"rendered":"Zertifizierter Palo-Santo-R\u00e4ucherduft, 5\u00d710 Stk."},"content":{"rendered":"<p>Echte R\u00e4ucherst\u00e4bchen aus Palo-Santo-Holz aus Peru. Ein hochwertiges handwerkliches Produkt. Sortiment aus 5 verschiedenen Schachteln mit jeweils einem der 6 verf\u00fcgbaren D\u00fcfte:<\/p>\n<p>\u2013 Verf\u00fcgbare D\u00fcfte: Reines Palo Santo, mit Myrrhenharz, mit Copalharz, mit Rosmarin, Eukalyptus oder Ruta.<\/p>\n<p>Jede quadratische Schachtel enth\u00e4lt 10 St\u00e4bchen, die Brenndauer betr\u00e4gt ca. 30 Minuten.<\/p>","protected":false},"excerpt":{"rendered":"<p>Sortiment aus 5 verschiedenen Schachteln mit jeweils einem der 6 verf\u00fcgbaren D\u00fcfte.<\/p>","protected":false},"featured_media":5375,"template":"","meta":{"inline_featured_image":false},"product_cat":[301],"product_tag":[],"_links":{"self":[{"href":"https:\/\/www.saldac.ch\/de\/wp-json\/wp\/v2\/product\/11690"}],"collection":[{"href":"https:\/\/www.saldac.ch\/de\/wp-json\/wp\/v2\/product"}],"about":[{"href":"https:\/\/www.saldac.ch\/de\/wp-json\/wp\/v2\/types\/product"}],"wp:featuredmedia":[{"embeddable":true,"href":"https:\/\/www.saldac.ch\/de\/wp-json\/wp\/v2\/media\/5375"}],"wp:attachment":[{"href":"https:\/\/www.saldac.ch\/de\/wp-json\/wp\/v2\/media?parent=11690"}],"wp:term":[{"taxonomy":"product_cat","embeddable":true,"href":"https:\/\/www.saldac.ch\/de\/wp-json\/wp\/v2\/product_cat?post=11690"},{"taxonomy":"product_tag","embeddable":true,"href":"https:\/\/www.saldac.ch\/de\/wp-json\/wp\/v2\/product_tag?post=11690"}],"curies":[{"name":"wp","href":"https:\/\/api.w.org\/{rel}","templated":true}]}}