{"id":11709,"date":"2023-12-31T12:13:47","date_gmt":"2023-12-31T11:13:47","guid":{"rendered":"https:\/\/www.saldac.ch\/produit\/sucre-de-canne-brut-panela-bio-equitable-1kg\/"},"modified":"2026-04-27T12:39:42","modified_gmt":"2026-04-27T10:39:42","slug":"sucre-de-canne-brut-panela-bio-equitable-1kg","status":"publish","type":"product","link":"https:\/\/www.saldac.ch\/de\/produkt\/sucre-de-canne-brut-panela-bio-equitable-1kg\/","title":{"rendered":"Rohrohrzucker, Panela, bio, fair, 1 kg"},"content":{"rendered":"<p class=\"translation-block\"><strong>Dieser vollwertige biologische Rohrzucker (unraffiniert), bekannt unter dem Namen \u201ePanela\u201c<\/strong>, stammt aus dem Norden Perus, aus der Region Piura. Er wird von der CAES (Corporacion de Agricultores Ecologicos y Solidarios) produziert, die mehrere Zuckerproduzenten-Komitees in verschiedenen D\u00f6rfern der Kordillere von Piura vereint. Es handelt sich um etwa 100 Produzenten, die auf 4 D\u00f6rfer verteilt sind. Panela ist sehr aromatisch, reich an Vitaminen und Mineralstoffen und hervorragend geeignet f\u00fcr Desserts und alle Arten von Geb\u00e4ck.<\/p>\n<p class=\"translation-block\"><strong>Zutaten<\/strong>: Vollrohrzucker<\/p>\n<p><strong>N\u00e4hrwerteigenschaften <\/strong>(Durchschnittswerte pro 100 g)<\/p>\n<p>Kohlenhydrate: 94,1 g (davon Zucker 65,4 g)  \nFett: 0,5 g (davon ges\u00e4ttigte Fetts\u00e4uren 0 g)  \nEiwei\u00df: 0,9 g  \nSalz: 0,2 g  \nBrennwert: 380 kcal \/ 1 615 kJ<\/p>\n<p><strong>Unser Rohrzucker ist durch das SPP-System \u201eS\u00edmbolo de los Peque\u00f1os Productores\u201c als fairer Handel zertifiziert \u2013 ein Label, das endlich den Produzenten selbst geh\u00f6rt: www.spp.coop<\/strong><\/p>","protected":false},"excerpt":{"rendered":"<p><strong>Dieser vollwertige biologische Rohrzucker (unraffiniert)<\/strong><\/p>","protected":false},"featured_media":5305,"template":"","meta":{"inline_featured_image":false},"product_cat":[575],"product_tag":[108],"_links":{"self":[{"href":"https:\/\/www.saldac.ch\/de\/wp-json\/wp\/v2\/product\/11709"}],"collection":[{"href":"https:\/\/www.saldac.ch\/de\/wp-json\/wp\/v2\/product"}],"about":[{"href":"https:\/\/www.saldac.ch\/de\/wp-json\/wp\/v2\/types\/product"}],"wp:featuredmedia":[{"embeddable":true,"href":"https:\/\/www.saldac.ch\/de\/wp-json\/wp\/v2\/media\/5305"}],"wp:attachment":[{"href":"https:\/\/www.saldac.ch\/de\/wp-json\/wp\/v2\/media?parent=11709"}],"wp:term":[{"taxonomy":"product_cat","embeddable":true,"href":"https:\/\/www.saldac.ch\/de\/wp-json\/wp\/v2\/product_cat?post=11709"},{"taxonomy":"product_tag","embeddable":true,"href":"https:\/\/www.saldac.ch\/de\/wp-json\/wp\/v2\/product_tag?post=11709"}],"curies":[{"name":"wp","href":"https:\/\/api.w.org\/{rel}","templated":true}]}}