{"id":11712,"date":"2023-12-31T12:13:47","date_gmt":"2023-12-31T11:13:47","guid":{"rendered":"https:\/\/www.saldac.ch\/produit\/sucre-de-canne-brut-panela-confitillo-bio-equitable-500gr-sucre-perle\/"},"modified":"2026-03-26T09:49:18","modified_gmt":"2026-03-26T08:49:18","slug":"sucre-de-canne-brut-panela-confitillo-bio-equitable-500gr-sucre-perle","status":"publish","type":"product","link":"https:\/\/www.saldac.ch\/de\/produkt\/sucre-de-canne-brut-panela-confitillo-bio-equitable-500gr-sucre-perle\/","title":{"rendered":"Rohrohrzucker, Panela, Confitillo, bio, fair, 500 g (Perlzucker)"},"content":{"rendered":"<p class=\"translation-block\"><strong>Dieser vollst\u00e4ndige biologische Rohrzucker (nicht raffiniert),<\/strong> bekannt unter dem Namen \u201ePanela\u201c, stammt aus dem Norden Perus, aus der Region Piura. Er wird von der CAES (Corporacion de Agricultores Ecologicos y Solidarios) produziert, die mehrere Zuckerproduzentenkomitees in verschiedenen D\u00f6rfern der Cordillera de Piura vereint. Es handelt sich um etwa 100 Produzenten, die auf 4 D\u00f6rfer verteilt sind.<\/p>\n<p><strong>Der Confitillo besteht aus kleinen, kristallisierten Zuckerperlen, die beim Sieben der Panela entstehen.<\/strong><\/p>\n<p>Sehr aromatisch, reich an Vitaminen und Mineralstoffen, hervorragend zum S\u00fc\u00dfen von Kaffee, Joghurt, Cr\u00eapes oder einfach zum Knabbern!!<\/p>\n<p class=\"translation-block\"><strong>Zutaten<\/strong>: Vollrohrzucker in St\u00fccken<\/p>\n<p><strong>N\u00e4hrwerteigenschaften <\/strong>(Durchschnittswerte pro 100 g)<\/p>\n<p>Kohlenhydrate: 94,1 g (davon Zucker 65,4 g)  \nFett: 0,5 g (davon ges\u00e4ttigte Fetts\u00e4uren 0 g)  \nEiwei\u00df: 0,9 g  \nSalz: 0,2 g  \nBrennwert: 380 kcal \/ 1 615 kJ<\/p>\n<p><strong>Unser Rohrzucker ist durch das SPP-System \u201eS\u00edmbolo de los Peque\u00f1os Productores\u201c als fairer Handel zertifiziert \u2013 ein Label, das endlich den Produzenten selbst geh\u00f6rt: www.spp.coop<\/strong><\/p>","protected":false},"excerpt":{"rendered":"<p><strong>Der Confitillo besteht aus kleinen, kristallisierten Zuckerperlen, die beim Sieben der Panela entstehen.<\/strong><\/p>","protected":false},"featured_media":5306,"template":"","meta":{"inline_featured_image":false},"product_cat":[575],"product_tag":[108],"_links":{"self":[{"href":"https:\/\/www.saldac.ch\/de\/wp-json\/wp\/v2\/product\/11712"}],"collection":[{"href":"https:\/\/www.saldac.ch\/de\/wp-json\/wp\/v2\/product"}],"about":[{"href":"https:\/\/www.saldac.ch\/de\/wp-json\/wp\/v2\/types\/product"}],"wp:featuredmedia":[{"embeddable":true,"href":"https:\/\/www.saldac.ch\/de\/wp-json\/wp\/v2\/media\/5306"}],"wp:attachment":[{"href":"https:\/\/www.saldac.ch\/de\/wp-json\/wp\/v2\/media?parent=11712"}],"wp:term":[{"taxonomy":"product_cat","embeddable":true,"href":"https:\/\/www.saldac.ch\/de\/wp-json\/wp\/v2\/product_cat?post=11712"},{"taxonomy":"product_tag","embeddable":true,"href":"https:\/\/www.saldac.ch\/de\/wp-json\/wp\/v2\/product_tag?post=11712"}],"curies":[{"name":"wp","href":"https:\/\/api.w.org\/{rel}","templated":true}]}}