{"id":11717,"date":"2023-12-31T12:13:48","date_gmt":"2023-12-31T11:13:48","guid":{"rendered":"https:\/\/www.saldac.ch\/produit\/spiruline-en-brindilles-400gr\/"},"modified":"2026-02-25T10:53:05","modified_gmt":"2026-02-25T09:53:05","slug":"spiruline-en-brindilles-400gr","status":"publish","type":"product","link":"https:\/\/www.saldac.ch\/de\/produkt\/spiruline-en-brindilles-400gr\/","title":{"rendered":"Spirulina in Flocken, 400 g"},"content":{"rendered":"<p><strong>Spirulina aus LAURIS \u2013 Vaucluse (Frankreich)<br \/>\n<\/strong><\/p>\n<p>Urspr\u00fcnglich wurde Spirulina im subtropischen G\u00fcrtel gefunden \u2013 in Amerika, Afrika, rund um den Tschadsee (wo sie noch heute unter dem Namen Dih\u00e9 verzehrt wird), in Indien usw.<\/p>\n<p class=\"translation-block\">Wir bieten sie hier in <strong>feinen, knusprigen Flocken<\/strong> an, die Sie zu Ihrer Ern\u00e4hrung hinzuf\u00fcgen k\u00f6nnen \u2013 achten Sie dabei besonders darauf, sie nicht zu erhitzen.<\/p>\n<dl class=\"data-sheet\">\n<dt class=\"name\">N\u00e4hrwertzusammensetzung pro 100 g<\/dt>\n<dt class=\"name\">Kj: 1488 \u2013 Kcal: 353 \u2013 Fett: 4,90 g, davon ges\u00e4ttigt: 2,60 g \u2013 Kohlenhydrate: 9,10 g, davon Zucker: 0,20 g \u2013 Eiwei\u00df: 63,90 g \u2013 Ballaststoffe: 8,10 g \u2013 Salz: 0,84 g \u2013 Phycocyanin: 14 g<\/dt>\n<\/dl>\n<p>Wie und wann sollte man Spirulina-Flocken konsumieren?<\/p>\n<p>Die \u00fcbliche Verzehrmenge von Spirulina betr\u00e4gt f\u00fcr Erwachsene etwa 4 Gramm pro Tag. Ein gestrichener Teel\u00f6ffel entspricht ca. 2 g. Der tats\u00e4chliche Bedarf h\u00e4ngt jedoch von Ihren Erwartungen und Gewohnheiten ab. Sie k\u00f6nnen auch die doppelte Menge einnehmen \u2013 entweder regelm\u00e4\u00dfig oder zu besonderen Zeiten (intensiver Sport, ungew\u00f6hnliche M\u00fcdigkeit, St\u00e4rkung des Immunsystems, im Rahmen gesundheitlicher Vorsorge usw.).<\/p>\n<p>Spirulina-Flocken in der K\u00fcche:<\/p>\n<p>Ein absolutes Prinzip: niemals erhitzen. Sie k\u00f6nnen Spirulina \u00fcber einen Salat streuen, es in zerdr\u00fcckter Avocado aufl\u00f6sen oder direkt <strong>im Teller<\/strong> einer Suppe verr\u00fchren.<\/p>\n<p class=\"translation-block\">Trotz all ihrer Vorz\u00fcge ist Spirulina kein Medikament, sondern lediglich ein <strong>SUPERFOOD<\/strong>. Ihr Verzehr ersetzt daher selbstverst\u00e4ndlich weder eine ausgewogene Ern\u00e4hrung noch regelm\u00e4\u00dfige k\u00f6rperliche Aktivit\u00e4t.<\/p>\n<p>Zudem verpflichtet uns die Gesetzgebung, Einschr\u00e4nkungen f\u00fcr schwangere Frauen und Kinder unter drei Jahren zu erw\u00e4hnen. Bitte konsultieren Sie hierzu Ihren behandelnden Arzt.<\/p>","protected":false},"excerpt":{"rendered":"<p>Die \u00fcbliche Verzehrmenge von Spirulina betr\u00e4gt f\u00fcr Erwachsene etwa 4 Gramm pro Tag.<\/p>","protected":false},"featured_media":5293,"template":"","meta":{"inline_featured_image":false},"product_cat":[566],"product_tag":[114],"_links":{"self":[{"href":"https:\/\/www.saldac.ch\/de\/wp-json\/wp\/v2\/product\/11717"}],"collection":[{"href":"https:\/\/www.saldac.ch\/de\/wp-json\/wp\/v2\/product"}],"about":[{"href":"https:\/\/www.saldac.ch\/de\/wp-json\/wp\/v2\/types\/product"}],"wp:featuredmedia":[{"embeddable":true,"href":"https:\/\/www.saldac.ch\/de\/wp-json\/wp\/v2\/media\/5293"}],"wp:attachment":[{"href":"https:\/\/www.saldac.ch\/de\/wp-json\/wp\/v2\/media?parent=11717"}],"wp:term":[{"taxonomy":"product_cat","embeddable":true,"href":"https:\/\/www.saldac.ch\/de\/wp-json\/wp\/v2\/product_cat?post=11717"},{"taxonomy":"product_tag","embeddable":true,"href":"https:\/\/www.saldac.ch\/de\/wp-json\/wp\/v2\/product_tag?post=11717"}],"curies":[{"name":"wp","href":"https:\/\/api.w.org\/{rel}","templated":true}]}}