{"id":11726,"date":"2023-12-31T12:13:49","date_gmt":"2023-12-31T11:13:49","guid":{"rendered":"https:\/\/www.saldac.ch\/produit\/pur-jus-de-fruits-et-nectars-bio-equitable-30-cl-carton-panache\/"},"modified":"2025-02-14T09:29:40","modified_gmt":"2025-02-14T08:29:40","slug":"pur-jus-de-fruits-et-nectars-bio-equitable-30-cl-carton-panache","status":"publish","type":"product","link":"https:\/\/www.saldac.ch\/de\/produkt\/pur-jus-de-fruits-et-nectars-bio-equitable-30-cl-carton-panache\/","title":{"rendered":"Reiner Fruchtsaft und Nektare, bio, fair, 30 cl \u2013 Mischkarton"},"content":{"rendered":"","protected":false},"excerpt":{"rendered":"<p>Nur kartonweise zu 25 Flaschen verkauft. W\u00e4hlen Sie Ihr individuelles Sortiment, indem Sie beim Abschluss Ihrer Bestellung einen Kommentar hinterlassen. Ihr Kommentar sollte die Anzahl und die Art der gew\u00fcnschten S\u00e4fte f\u00fcr insgesamt 25 Flaschen pro Karton enthalten.<\/p>","protected":false},"featured_media":10920,"template":"","meta":{"inline_featured_image":false},"product_cat":[575],"product_tag":[108],"_links":{"self":[{"href":"https:\/\/www.saldac.ch\/de\/wp-json\/wp\/v2\/product\/11726"}],"collection":[{"href":"https:\/\/www.saldac.ch\/de\/wp-json\/wp\/v2\/product"}],"about":[{"href":"https:\/\/www.saldac.ch\/de\/wp-json\/wp\/v2\/types\/product"}],"wp:featuredmedia":[{"embeddable":true,"href":"https:\/\/www.saldac.ch\/de\/wp-json\/wp\/v2\/media\/10920"}],"wp:attachment":[{"href":"https:\/\/www.saldac.ch\/de\/wp-json\/wp\/v2\/media?parent=11726"}],"wp:term":[{"taxonomy":"product_cat","embeddable":true,"href":"https:\/\/www.saldac.ch\/de\/wp-json\/wp\/v2\/product_cat?post=11726"},{"taxonomy":"product_tag","embeddable":true,"href":"https:\/\/www.saldac.ch\/de\/wp-json\/wp\/v2\/product_tag?post=11726"}],"curies":[{"name":"wp","href":"https:\/\/api.w.org\/{rel}","templated":true}]}}