{"id":11764,"date":"2024-01-03T10:15:47","date_gmt":"2024-01-03T09:15:47","guid":{"rendered":"https:\/\/www.saldac.ch\/?post_type=product&#038;p=11764"},"modified":"2025-09-15T15:42:16","modified_gmt":"2025-09-15T13:42:16","slug":"ecorces-doranges-confites-vrac-bio-equitable-500gr","status":"publish","type":"product","link":"https:\/\/www.saldac.ch\/de\/produkt\/ecorces-doranges-confites-vrac-bio-equitable-500gr\/","title":{"rendered":"Kandierte Orangenschalen Gro\u00dfpackung, bio, fair gehandelt, 500 g"},"content":{"rendered":"<div class=\"woocommerce-product-details__short-description\">\n<div class=\"woocommerce-product-details__short-description\">\n<div class=\"woocommerce-product-details__short-description\">\n<p class=\"translation-block\"><strong>Kandierte Orangenschalen, biologisch<\/strong>, in 500-g-Packung. Ideal f\u00fcr die Patisserie: zum Umh\u00fcllen mit Schokolade oder in St\u00fccke geschnitten in Kuchen. Sehr aromatisch.<\/p>\n<p class=\"translation-block\"><strong>Zutaten<\/strong>: kandierte Orangen<\/p>\n<p><strong>N\u00e4hrwerteigenschaften <\/strong>(Durchschnittswerte pro 100 g)<\/p>\n<p>Kohlenhydrate: 75 g (davon Zucker 60 g) Fett: &lt;0,5 g (davon ges\u00e4ttigte Fetts\u00e4uren &lt;0,1 g) Eiwei\u00df: 0,5 g Salz: 0,01 g Brennwert: 302 kcal \/ 1 294 kJ<\/p>\n<p><strong>Zertifiziert als Fairer Handel durch WFTO<\/strong><\/p>\n<\/div>\n<p>&nbsp;<\/p>\n<\/div>\n<\/div>","protected":false},"excerpt":{"rendered":"<p>Ideal f\u00fcr die Patisserie<\/p>","protected":false},"featured_media":11765,"template":"","meta":{"inline_featured_image":false},"product_cat":[97],"product_tag":[108],"_links":{"self":[{"href":"https:\/\/www.saldac.ch\/de\/wp-json\/wp\/v2\/product\/11764"}],"collection":[{"href":"https:\/\/www.saldac.ch\/de\/wp-json\/wp\/v2\/product"}],"about":[{"href":"https:\/\/www.saldac.ch\/de\/wp-json\/wp\/v2\/types\/product"}],"wp:featuredmedia":[{"embeddable":true,"href":"https:\/\/www.saldac.ch\/de\/wp-json\/wp\/v2\/media\/11765"}],"wp:attachment":[{"href":"https:\/\/www.saldac.ch\/de\/wp-json\/wp\/v2\/media?parent=11764"}],"wp:term":[{"taxonomy":"product_cat","embeddable":true,"href":"https:\/\/www.saldac.ch\/de\/wp-json\/wp\/v2\/product_cat?post=11764"},{"taxonomy":"product_tag","embeddable":true,"href":"https:\/\/www.saldac.ch\/de\/wp-json\/wp\/v2\/product_tag?post=11764"}],"curies":[{"name":"wp","href":"https:\/\/api.w.org\/{rel}","templated":true}]}}