{"id":11766,"date":"2024-01-03T10:19:02","date_gmt":"2024-01-03T09:19:02","guid":{"rendered":"https:\/\/www.saldac.ch\/?post_type=product&#038;p=11766"},"modified":"2026-03-26T16:56:16","modified_gmt":"2026-03-26T15:56:16","slug":"gingembre-confit-bio-equitable-500gr","status":"publish","type":"product","link":"https:\/\/www.saldac.ch\/de\/produkt\/gingembre-confit-bio-equitable-500gr\/","title":{"rendered":"Kandierter Ingwer, bio, fair gehandelt, 500 g"},"content":{"rendered":"<div class=\"woocommerce-product-details__short-description\">\n<div class=\"woocommerce-product-details__short-description\">\n<p class=\"translation-block\"><strong>Ingwer in Scheiben, kandiert, biologisch.<\/strong> Ideal f\u00fcr die Patisserie, zum Umh\u00fcllen mit Schokolade oder in St\u00fccke geschnitten in Kuchen, aber auch zum Verfeinern von herzhaften Gerichten. Sehr aromatisch, angenehm scharf.<\/p>\n<p class=\"translation-block\"><strong>Neue Verpackung<\/strong> in einer sch\u00f6nen Kartonschachtel, einfacher in der Anwendung.<\/p>\n<p class=\"translation-block\"><strong>Zutaten<\/strong>: kandierter Ingwer<\/p>\n<p><strong>N\u00e4hrwerteigenschaften <\/strong>(Durchschnittswerte pro 100 g)<\/p>\n<p>Kohlenhydrate: 69,3 g (davon Zucker 56,6 g) Fett: &lt;0,5 g (davon ges\u00e4ttigte Fetts\u00e4uren &lt;0,1 g) Eiwei\u00df: 0,5 g Salz: 0,01 g Brennwert: 279 kcal \/ 1 187 kJ<\/p>\n<p><strong>Zertifiziert als Fairer Handel durch WFTO<\/strong><\/p>\n<\/div>\n<\/div>","protected":false},"excerpt":{"rendered":"<p class=\"translation-block\"><strong>Ingwer in Scheiben, kandiert, biologisch.<\/strong> Ideal f\u00fcr die Patisserie, zum Umh\u00fcllen mit Schokolade oder in St\u00fccke geschnitten in Kuchen, aber auch zum Verfeinern von herzhaften Gerichten. Sehr aromatisch, angenehm scharf.<\/p>\n<p class=\"translation-block\"><strong>Neue Verpackung<\/strong> in einer sch\u00f6nen Kartonschachtel.<\/p>","protected":false},"featured_media":11767,"template":"","meta":{"inline_featured_image":false},"product_cat":[97],"product_tag":[108,117],"_links":{"self":[{"href":"https:\/\/www.saldac.ch\/de\/wp-json\/wp\/v2\/product\/11766"}],"collection":[{"href":"https:\/\/www.saldac.ch\/de\/wp-json\/wp\/v2\/product"}],"about":[{"href":"https:\/\/www.saldac.ch\/de\/wp-json\/wp\/v2\/types\/product"}],"wp:featuredmedia":[{"embeddable":true,"href":"https:\/\/www.saldac.ch\/de\/wp-json\/wp\/v2\/media\/11767"}],"wp:attachment":[{"href":"https:\/\/www.saldac.ch\/de\/wp-json\/wp\/v2\/media?parent=11766"}],"wp:term":[{"taxonomy":"product_cat","embeddable":true,"href":"https:\/\/www.saldac.ch\/de\/wp-json\/wp\/v2\/product_cat?post=11766"},{"taxonomy":"product_tag","embeddable":true,"href":"https:\/\/www.saldac.ch\/de\/wp-json\/wp\/v2\/product_tag?post=11766"}],"curies":[{"name":"wp","href":"https:\/\/api.w.org\/{rel}","templated":true}]}}