{"id":11768,"date":"2024-01-03T10:20:26","date_gmt":"2024-01-03T09:20:26","guid":{"rendered":"https:\/\/www.saldac.ch\/?post_type=product&#038;p=11768"},"modified":"2026-03-24T14:24:34","modified_gmt":"2026-03-24T13:24:34","slug":"mate-aromatise-sachet-de-100gr-bio-equitable-menthe-reglisse","status":"publish","type":"product","link":"https:\/\/www.saldac.ch\/de\/produkt\/mate-aromatise-sachet-de-100gr-bio-equitable-menthe-reglisse\/","title":{"rendered":"Matetee aromatisiert, Beutel 100 g, bio, fair gehandelt, Pfefferminze-Lakritz"},"content":{"rendered":"<p>Nur im 6er-Pack f\u00fcr Fachh\u00e4ndler\/Partner erh\u00e4ltlich<\/p>\n<p>Pepp f\u00fcr Ihr Getr\u00e4nk, sehr aromatisch.<\/p>\n<p>Zutaten: Matetee, Pfefferminze, Lakritz.<\/p>\n<p>Zertifiziert fair gehandelt durch Fair For Life (FFL).<\/p>","protected":false},"excerpt":{"rendered":"<p>F\u00fcr Gesch\u00e4ftspartner: Verkauf nur kartonweise zu 6 St\u00fcck<\/p>","protected":false},"featured_media":11769,"template":"","meta":{"inline_featured_image":false},"product_cat":[574],"product_tag":[108],"_links":{"self":[{"href":"https:\/\/www.saldac.ch\/de\/wp-json\/wp\/v2\/product\/11768"}],"collection":[{"href":"https:\/\/www.saldac.ch\/de\/wp-json\/wp\/v2\/product"}],"about":[{"href":"https:\/\/www.saldac.ch\/de\/wp-json\/wp\/v2\/types\/product"}],"wp:featuredmedia":[{"embeddable":true,"href":"https:\/\/www.saldac.ch\/de\/wp-json\/wp\/v2\/media\/11769"}],"wp:attachment":[{"href":"https:\/\/www.saldac.ch\/de\/wp-json\/wp\/v2\/media?parent=11768"}],"wp:term":[{"taxonomy":"product_cat","embeddable":true,"href":"https:\/\/www.saldac.ch\/de\/wp-json\/wp\/v2\/product_cat?post=11768"},{"taxonomy":"product_tag","embeddable":true,"href":"https:\/\/www.saldac.ch\/de\/wp-json\/wp\/v2\/product_tag?post=11768"}],"curies":[{"name":"wp","href":"https:\/\/api.w.org\/{rel}","templated":true}]}}