{"id":11898,"date":"2024-01-14T11:32:10","date_gmt":"2024-01-14T10:32:10","guid":{"rendered":"https:\/\/www.saldac.ch\/?post_type=product&#038;p=11898"},"modified":"2025-09-15T15:39:56","modified_gmt":"2025-09-15T13:39:56","slug":"noix-damazonie-bio-equitable-2kg","status":"publish","type":"product","link":"https:\/\/www.saldac.ch\/de\/produkt\/noix-damazonie-bio-equitable-2kg\/","title":{"rendered":"Paran\u00fcsse, bio, fair gehandelt, 2 kg"},"content":{"rendered":"<p>BIO-Paran\u00fcsse, auch bekannt als Brasiln\u00fcsse.<\/p>","protected":false},"excerpt":{"rendered":"<p>BIO-Paran\u00fcsse, auch bekannt als Brasiln\u00fcsse.<\/p>","protected":false},"featured_media":11899,"template":"","meta":{"inline_featured_image":false},"product_cat":[97],"product_tag":[108,98],"_links":{"self":[{"href":"https:\/\/www.saldac.ch\/de\/wp-json\/wp\/v2\/product\/11898"}],"collection":[{"href":"https:\/\/www.saldac.ch\/de\/wp-json\/wp\/v2\/product"}],"about":[{"href":"https:\/\/www.saldac.ch\/de\/wp-json\/wp\/v2\/types\/product"}],"wp:featuredmedia":[{"embeddable":true,"href":"https:\/\/www.saldac.ch\/de\/wp-json\/wp\/v2\/media\/11899"}],"wp:attachment":[{"href":"https:\/\/www.saldac.ch\/de\/wp-json\/wp\/v2\/media?parent=11898"}],"wp:term":[{"taxonomy":"product_cat","embeddable":true,"href":"https:\/\/www.saldac.ch\/de\/wp-json\/wp\/v2\/product_cat?post=11898"},{"taxonomy":"product_tag","embeddable":true,"href":"https:\/\/www.saldac.ch\/de\/wp-json\/wp\/v2\/product_tag?post=11898"}],"curies":[{"name":"wp","href":"https:\/\/api.w.org\/{rel}","templated":true}]}}