{"id":1210,"date":"2023-01-20T11:08:13","date_gmt":"2023-01-20T10:08:13","guid":{"rendered":"https:\/\/www.saldac.ch\/?post_type=product&#038;p=1210"},"modified":"2025-02-14T09:29:42","modified_gmt":"2025-02-14T08:29:42","slug":"xylithol-de-finlande","status":"publish","type":"product","link":"https:\/\/www.saldac.ch\/de\/produkt\/xylithol-de-finlande\/","title":{"rendered":"Xylit aus Finnland"},"content":{"rendered":"<p><strong>Xylitol ist auch f\u00fcr Diabetiker zugelassen (glyk\u00e4mischer Index 8<\/strong>).<\/p>\n<p>Zusammensetzung: 100 % Xylit aus Finnland<\/p>\n<p>N\u00e4hrwertangaben pro 100 g:<\/p>\n<p>Kj: 1003 \u2013 Kcal: 240 \u2013 Fett: 0 \u2013 Kohlenhydrate: 99,80 g \u2013 davon Zucker: 0,2 g \u2013 Eiwei\u00df: 0 \u2013 Salz: 0 \u2013 Polyole: 99,6 g<\/p>\n<p class=\"translation-block\">Wird genau wie Zucker verwendet. Es handelt sich um ein <strong>Polyol<\/strong> mit sehr mildem Geschmack, das den pH-Wert des Speichels nicht ver\u00e4ndert und im Mund ein sehr angenehmes Frischegef\u00fchl hinterl\u00e4sst.<\/p>\n<p>Auch wenn seine S\u00fc\u00dfkraft der von Saccharose entspricht, sollten Sie beim Backen deutlich weniger verwenden! Rechnen Sie mit derselben S\u00fc\u00dfkraft bei 70 g XIVIA anstelle von 100 g Saccharose.<\/p>","protected":false},"excerpt":{"rendered":"<p>Le xylitol est autoris\u00e9 aussi pour les diab\u00e9tiques (indice glyc\u00e9mique 8). Composition: 100 % Xylitol de Finlande Composition nutritionnelle pour 100 g: Kj : 1003 &#8211; Kcal : 240 &#8211; Lipides : 0 &#8211; Glucides : 99.80 g &#8211; dont sucres : 0.2 g &#8211; Prot\u00e9ines : 0 &#8211; Sel : 0 &#8211; Polyols : [&#8230;]\n","protected":false},"featured_media":11824,"template":"","meta":{"inline_featured_image":false},"product_cat":[575],"product_tag":[107,102,114,98,86],"_links":{"self":[{"href":"https:\/\/www.saldac.ch\/de\/wp-json\/wp\/v2\/product\/1210"}],"collection":[{"href":"https:\/\/www.saldac.ch\/de\/wp-json\/wp\/v2\/product"}],"about":[{"href":"https:\/\/www.saldac.ch\/de\/wp-json\/wp\/v2\/types\/product"}],"wp:featuredmedia":[{"embeddable":true,"href":"https:\/\/www.saldac.ch\/de\/wp-json\/wp\/v2\/media\/11824"}],"wp:attachment":[{"href":"https:\/\/www.saldac.ch\/de\/wp-json\/wp\/v2\/media?parent=1210"}],"wp:term":[{"taxonomy":"product_cat","embeddable":true,"href":"https:\/\/www.saldac.ch\/de\/wp-json\/wp\/v2\/product_cat?post=1210"},{"taxonomy":"product_tag","embeddable":true,"href":"https:\/\/www.saldac.ch\/de\/wp-json\/wp\/v2\/product_tag?post=1210"}],"curies":[{"name":"wp","href":"https:\/\/api.w.org\/{rel}","templated":true}]}}