{"id":1228,"date":"2023-01-06T17:44:09","date_gmt":"2023-01-06T16:44:09","guid":{"rendered":"https:\/\/www.saldac.ch\/?post_type=product&#038;p=1228"},"modified":"2025-02-14T09:25:36","modified_gmt":"2025-02-14T08:25:36","slug":"spiruline-en-brindilles-2","status":"publish","type":"product","link":"https:\/\/www.saldac.ch\/de\/produkt\/spiruline-en-brindilles-2\/","title":{"rendered":"Spirulina in Flocken"},"content":{"rendered":"<h4><strong>Woher kommt diese Spirulina? Sie stammt aus Lauris im Vaucluse!<\/strong><\/h4>\n<p class=\"translation-block\">Wir bieten sie hier in <strong>feinen, knusprigen Flocken<\/strong> an, die Sie zu Ihrer Ern\u00e4hrung hinzuf\u00fcgen k\u00f6nnen \u2013 achten Sie dabei besonders darauf, sie nicht zu erhitzen.<\/p>\n<p>Ein absolutes Prinzip: niemals erhitzen. Sie k\u00f6nnen Spirulina \u00fcber einen Salat streuen, es in zerdr\u00fcckter Avocado aufl\u00f6sen oder direkt <strong>im Teller<\/strong> einer Suppe verr\u00fchren.<\/p>\n<dl class=\"data-sheet\">\n<dt class=\"name\">N\u00e4hrwertzusammensetzung pro 100 g<\/dt>\n<dd class=\"value\">Kj: 1488 \u2013 Kcal: 353 \u2013 Fett: 4,90 g, davon ges\u00e4ttigt: 2,60 g \u2013 Kohlenhydrate: 9,10 g, davon Zucker: 0,20 g \u2013 Eiwei\u00df: 63,90 g \u2013 Ballaststoffe: 8,10 g \u2013 Salz: 0,84 g \u2013 Phycocyanin: 14 g<\/dd>\n<\/dl>\n<p class=\"translation-block\">Trotz all ihrer Vorz\u00fcge ist Spirulina kein Medikament, sondern lediglich ein <strong>SUPERFOOD<\/strong>. Ihr Verzehr ersetzt daher selbstverst\u00e4ndlich weder eine ausgewogene Ern\u00e4hrung noch regelm\u00e4\u00dfige k\u00f6rperliche Aktivit\u00e4t.<\/p>\n<p>Zudem verpflichtet uns die Gesetzgebung, Einschr\u00e4nkungen f\u00fcr schwangere Frauen und Kinder unter drei Jahren zu erw\u00e4hnen. Bitte konsultieren Sie hierzu Ihren behandelnden Arzt.<\/p>","protected":false},"excerpt":{"rendered":"<p>D&rsquo;o\u00f9 vient cette spiruline ? Elle vient de Lauris, dans le Vaucluse ! Nous vous la proposons ici en brindilles fines et croquantes que vous rajoutez \u00e0 votre alimentation, en veillant particuli\u00e8rement \u00e0 ne pas la faire cuire. Seul principe absolu : ne jamais la cuire. Vous pouvez la saupoudrer sur une salade, la faire [&#8230;]\n","protected":false},"featured_media":5425,"template":"","meta":{"inline_featured_image":false},"product_cat":[566],"product_tag":[102,114],"_links":{"self":[{"href":"https:\/\/www.saldac.ch\/de\/wp-json\/wp\/v2\/product\/1228"}],"collection":[{"href":"https:\/\/www.saldac.ch\/de\/wp-json\/wp\/v2\/product"}],"about":[{"href":"https:\/\/www.saldac.ch\/de\/wp-json\/wp\/v2\/types\/product"}],"wp:featuredmedia":[{"embeddable":true,"href":"https:\/\/www.saldac.ch\/de\/wp-json\/wp\/v2\/media\/5425"}],"wp:attachment":[{"href":"https:\/\/www.saldac.ch\/de\/wp-json\/wp\/v2\/media?parent=1228"}],"wp:term":[{"taxonomy":"product_cat","embeddable":true,"href":"https:\/\/www.saldac.ch\/de\/wp-json\/wp\/v2\/product_cat?post=1228"},{"taxonomy":"product_tag","embeddable":true,"href":"https:\/\/www.saldac.ch\/de\/wp-json\/wp\/v2\/product_tag?post=1228"}],"curies":[{"name":"wp","href":"https:\/\/api.w.org\/{rel}","templated":true}]}}