{"id":13406,"date":"2024-09-11T11:28:37","date_gmt":"2024-09-11T09:28:37","guid":{"rendered":"https:\/\/www.saldac.ch\/?post_type=product&#038;p=13406"},"modified":"2026-03-31T13:30:29","modified_gmt":"2026-03-31T11:30:29","slug":"cafe-moulu-colombie-sud-du-cauca-250g","status":"publish","type":"product","link":"https:\/\/www.saldac.ch\/de\/produkt\/cafe-moulu-colombie-sud-du-cauca-250g\/","title":{"rendered":"Kaffee \u201eS\u00fcden des Cauca\u201c aus Kolumbien, reiner Bio-\u201eArabica\u201c, fair gehandelt, gemahlen 250 g"},"content":{"rendered":"<h2>Bio-gemahlener Kaffee aus Kolumbien, 250g<\/h2>\n<p>Lassen Sie sich von der Seele Kolumbiens mit diesem bio-gemahlenen Kaffee aus fairem Handel verf\u00fchren und entdecken Sie das perfekte Gleichgewicht zwischen Intensit\u00e4t und Finesse.<\/p>\n<h3>Ein unvergleichliches Geschmackserlebnis<\/h3>\n<p>Unser gemahlener Kaffee kolumbianischer Herkunft bietet einen au\u00dfergew\u00f6hnlich milden Geschmack, gepr\u00e4gt von einer feinen fruchtigen Note. Ob als Espresso oder als sanfte Filterzubereitung \u2013 jeder Schluck offenbart eine unerwartete Aromenwelt, die selbst anspruchsvollste Gaumen begeistert.<\/p>\n<h3>Eigenschaften unseres Kolumbien-Kaffees<\/h3>\n<ul>\n<li style=\"list-style-type: none;\">\n<ul>\n<li>\u201eS\u00fcd-Cauca\u201c-Kaffee aus Kolumbien (Cauca-Tal)<\/li>\n<li>Kr\u00e4ftige Aromen von Schokolade und roten Fr\u00fcchten, cremig, vollmundig und lang anhaltend im Abgang<\/li>\n<li>Aus einem kleinen Hochland-Terroir in einer H\u00f6he von 1.400 bis 1.700 m.<\/li>\n<li>Hergestellt von der Genossenschaft Cosurca, aus dem Terroir von Popay\u00e1n im S\u00fcden Kolumbiens.<\/li>\n<li>Seit 2021: handwerkliche R\u00f6stung in unserer Werkstatt in Mont\u00e9limar, aluminiumfreie Verpackung.<\/li>\n<li>Pr\u00e4sentiert im 250-g-Beutel mit Aromaventil, um die Frische optimal zu bewahren.<\/li>\n<li>Ideal f\u00fcr Privatkunden, Caf\u00e9s, Hotels, Restaurants und Gemeinschaftseinrichtungen. Biologisch<\/li>\n<li>Ecocert-zertifiziertes Produkt.<\/li>\n<\/ul>\n<\/li>\n<\/ul>\n<h3>Warum einen bio-gemahlenen Kaffee w\u00e4hlen?<\/h3>\n<p>Die Wahl eines bio-gemahlenen Kaffees garantiert Ihnen ein Getr\u00e4nk ohne chemische R\u00fcckst\u00e4nde und tr\u00e4gt zugleich zum Schutz der Umwelt bei. Zudem unterst\u00fctzen Sie landwirtschaftliche Methoden, die respektvoller und menschlicher sind.<\/p>\n<h3>Wie sollte unser Kaffee nach dem \u00d6ffnen aufbewahrt werden?<\/h3>\n<p>Nach dem \u00d6ffnen sollten Sie den Beutel sorgf\u00e4ltig verschlie\u00dfen und den Kaffee in einer luftdichten Dose aufbewahren, gesch\u00fctzt vor Licht und Feuchtigkeit. So bleiben alle authentischen Aromen des kolumbianischen Kaffees dauerhaft erhalten.<\/p>","protected":false},"excerpt":{"rendered":"<p><strong>Der Kaffee \u201eS\u00fcden des Cauca\u201c aus Kolumbien (Cauca-Tal) besitzt kr\u00e4ftige Aromen von Schokolade und roten Fr\u00fcchten, ist cremig, vollmundig und lang anhaltend im Geschmack. Er stammt aus einem kleinen Hochland-Terroir zwischen 1 400 und 1 700 m und ist ebenfalls fair gehandelt.<\/strong><\/p>\n<p class=\"translation-block\"><strong>Handwerkliche R\u00f6stung in unserer Werkstatt,<\/strong> verpackt ohne Aluminium.<\/p>\n<p>Karton mit 18 St\u00fcck.<\/p>\n<p>&nbsp;<\/p>","protected":false},"featured_media":17621,"template":"","meta":{"inline_featured_image":false},"product_cat":[571],"product_tag":[108],"_links":{"self":[{"href":"https:\/\/www.saldac.ch\/de\/wp-json\/wp\/v2\/product\/13406"}],"collection":[{"href":"https:\/\/www.saldac.ch\/de\/wp-json\/wp\/v2\/product"}],"about":[{"href":"https:\/\/www.saldac.ch\/de\/wp-json\/wp\/v2\/types\/product"}],"wp:featuredmedia":[{"embeddable":true,"href":"https:\/\/www.saldac.ch\/de\/wp-json\/wp\/v2\/media\/17621"}],"wp:attachment":[{"href":"https:\/\/www.saldac.ch\/de\/wp-json\/wp\/v2\/media?parent=13406"}],"wp:term":[{"taxonomy":"product_cat","embeddable":true,"href":"https:\/\/www.saldac.ch\/de\/wp-json\/wp\/v2\/product_cat?post=13406"},{"taxonomy":"product_tag","embeddable":true,"href":"https:\/\/www.saldac.ch\/de\/wp-json\/wp\/v2\/product_tag?post=13406"}],"curies":[{"name":"wp","href":"https:\/\/api.w.org\/{rel}","templated":true}]}}