{"id":13688,"date":"2024-10-08T14:45:43","date_gmt":"2024-10-08T12:45:43","guid":{"rendered":"https:\/\/www.saldac.ch\/?post_type=product&#038;p=13688"},"modified":"2026-03-13T16:47:24","modified_gmt":"2026-03-13T15:47:24","slug":"chocolat-noir-en-gouttes-sans-lecithine-400g","status":"publish","type":"product","link":"https:\/\/www.saldac.ch\/de\/produkt\/chocolat-noir-en-gouttes-sans-lecithine-400g\/","title":{"rendered":"Zartbitterschokolade in Tropfen, 63 % Kakao, ohne Lecithin, bio, Beutel 400 g"},"content":{"rendered":"<h2>Dunkle Schokolade in Tropfenform ohne Lecithin, authentisch bio und genussvoll<\/h2>\n<p>Lassen Sie sich von der Reinheit unserer dunklen Schokolade in Tropfenform ohne Lecithin aus biologischem Anbau verf\u00fchren. Kr\u00e4ftiger Geschmack, ideale Textur \u2013 eine Auswahl, die entwickelt wurde, um Ihre s\u00fc\u00dfen Kreationen zu veredeln.<\/p>\n<h3>Warum unsere dunkle Schokolade ohne Lecithin w\u00e4hlen?<\/h3>\n<p>Sich f\u00fcr diese kleinen kakaohaltigen Perlen zu entscheiden bedeutet, eine feine Schokolade zu genie\u00dfen, die f\u00fcr die anspruchsvollsten Gaumen konzipiert ist und sich f\u00fcr alle Verwendungszwecke eignet, vom einfachen Naschen bis hin zur raffinierten Patisserie. Die Tropfenform sorgt f\u00fcr ein gleichm\u00e4\u00dfiges und schnelles Schmelzen: f\u00fcr eine glatte Ganache, Mousse oder Cookies sind die Einsatzm\u00f6glichkeiten vielf\u00e4ltig.<\/p>\n<h3>Wesentliche Merkmale<\/h3>\n<ul>\n<li style=\"list-style-type: none;\">\n<ul>\n<li>Beutel mit 400 g dunkler Schokolade mit 63 % Kakao, in Tropfenform (Pistolen) von ca. 5 g, biologisch, Vollrohrzucker aus Peru<\/li>\n<li>Ideal f\u00fcr die Patisserie und die Herstellung von Festtagsschokoladen<\/li>\n<li>Einfach zu verwenden und zu dosieren<\/li>\n<li class=\"translation-block\"><strong>Zutaten<\/strong>: Kakaobohnen, Panela, Kakaobutter<\/li>\n<li>Ohne Lecithin und ohne Zusatzstoffe<\/li>\n<\/ul>\n<\/li>\n<\/ul>\n<p class=\"translation-block\"><strong>N\u00e4hrwerteigenschaften<\/strong> (Durchschnittswerte pro 100 g)<\/p>\n<p>Kohlenhydrate: 51,2 g (davon Zucker 32,6 g)\nFett: 39,1 g (davon ges\u00e4ttigte Fetts\u00e4uren 22,8 g)\nEiwei\u00df: 7,1 g\nSalz: 0,1 g\nEnergie: 585 kcal \/ 2 438 kJ<\/p>\n<h3>Welche Schokolade enth\u00e4lt kein Lecithin?<\/h3>\n<p>Bevorzugen Sie Schokoladen, die ausdr\u00fccklich mit \u201eohne Lecithin\u201c gekennzeichnet sind oder eine kurze, transparente Zutatenliste aufweisen. Diese Produkte sind in der Regel in spezialisierten Gesch\u00e4ften erh\u00e4ltlich, insbesondere bei Bio-Marken.<\/p>\n<h3>Welche dunkle Schokolade ist die ges\u00fcndeste?<\/h3>\n<p>Eine dunkle Schokolade ist umso empfehlenswerter, je weniger Zusatzstoffe sie enth\u00e4lt, je h\u00f6her der Kakaoanteil ist und je konsequenter auf \u00fcberfl\u00fcssige Zutaten verzichtet wird. Unsere lecithinfreien Tropfen stehen f\u00fcr diese Reinheit bei jedem Bissen.<\/p>","protected":false},"excerpt":{"rendered":"<p class=\"translation-block\"><strong>Beutel 400 g Zartbitterschokolade 63 % Kakao,<\/strong> in Tropfenform (Pistolen) von ca. 5 g<\/p>","protected":false},"featured_media":17616,"template":"","meta":{"inline_featured_image":false},"product_cat":[572],"product_tag":[108,60,62],"_links":{"self":[{"href":"https:\/\/www.saldac.ch\/de\/wp-json\/wp\/v2\/product\/13688"}],"collection":[{"href":"https:\/\/www.saldac.ch\/de\/wp-json\/wp\/v2\/product"}],"about":[{"href":"https:\/\/www.saldac.ch\/de\/wp-json\/wp\/v2\/types\/product"}],"wp:featuredmedia":[{"embeddable":true,"href":"https:\/\/www.saldac.ch\/de\/wp-json\/wp\/v2\/media\/17616"}],"wp:attachment":[{"href":"https:\/\/www.saldac.ch\/de\/wp-json\/wp\/v2\/media?parent=13688"}],"wp:term":[{"taxonomy":"product_cat","embeddable":true,"href":"https:\/\/www.saldac.ch\/de\/wp-json\/wp\/v2\/product_cat?post=13688"},{"taxonomy":"product_tag","embeddable":true,"href":"https:\/\/www.saldac.ch\/de\/wp-json\/wp\/v2\/product_tag?post=13688"}],"curies":[{"name":"wp","href":"https:\/\/api.w.org\/{rel}","templated":true}]}}