{"id":13711,"date":"2024-10-08T16:13:02","date_gmt":"2024-10-08T14:13:02","guid":{"rendered":"https:\/\/www.saldac.ch\/?post_type=product&#038;p=13711"},"modified":"2026-04-30T23:03:23","modified_gmt":"2026-04-30T21:03:23","slug":"mate-aromatise-pu-ehr-et-pissenlit-100g","status":"publish","type":"product","link":"https:\/\/www.saldac.ch\/de\/produkt\/mate-aromatise-pu-ehr-et-pissenlit-100g\/","title":{"rendered":"Matetee aromatisiert, Beutel 100 g, bio, fair gehandelt, Schlankheit (Pu Erh und L\u00f6wenzahn)"},"content":{"rendered":"<h2>Mat\u00e9 aromatis\u00e9 bio et \u00e9quitable<\/h2>\n<p>D\u00e9couvrez un \u00e9quilibre pr\u00e9cis entre <strong>yerba mat\u00e9 bio<\/strong> et ar\u00f4mes naturels pour une infusion expressive, fid\u00e8le \u00e0 la tradition sud-am\u00e9ricaine. Notre mat\u00e9 aromatis\u00e9 est pens\u00e9 pour offrir une exp\u00e9rience aromatique nette. Le go\u00fbt franc, la pr\u00e9paration simple et l\u2019origine ma\u00eetris\u00e9e en font un produit d&rsquo;exception con\u00e7u pour les amateurs exigeants comme pour les professionnels.<\/p>\n<h3>Un mat\u00e9 aromatis\u00e9 pens\u00e9 pour le quotidien<\/h3>\n<p>Ce mat\u00e9 aromatis\u00e9 associe la puissance v\u00e9g\u00e9tale de la yerba \u00e0 des <strong>fruits et herbes soigneusement s\u00e9lectionn\u00e9s<\/strong>, en r\u00e9sulte une infusion \u00e9quilibr\u00e9e, agr\u00e9able chaude ou froide, qui s\u2019int\u00e8gre naturellement aux routines modernes sans d\u00e9naturer la culture unique du mat\u00e9. Les ar\u00f4mes soutiennent le go\u00fbt sans masquer la mati\u00e8re premi\u00e8re, la boisson conserve donc le caract\u00e8re du mat\u00e9 tout en apportant une touche aromatique ma\u00eetris\u00e9e, id\u00e9ale pour varier les plaisirs.<\/p>\n<h3>Un engagement bio et \u00e9quitable clair<\/h3>\n<p>Notre mat\u00e9 aromatis\u00e9 est issu de fili\u00e8res certifi\u00e9es, respectueuses des producteurs et de leur environnement. La certification <strong>Fair For Life (FFL)<\/strong> garantit une r\u00e9mun\u00e9ration \u00e9quitable et des pratiques agricoles responsables, en coh\u00e9rence avec notre vision du commerce \u00e9quitable.<\/p>\n<ul>\n<li style=\"list-style-type: none;\">\n<ul>\n<li><strong>Composition<\/strong> : yerba mat\u00e9 bio associ\u00e9e \u00e0 des ar\u00f4mes naturels de fruits et herbes<\/li>\n<li><strong>Certification<\/strong> : Commerce \u00e9quitable Fair For Life (FFL)<\/li>\n<li><strong>Conditionnement<\/strong> : vendu uniquement par 6 pour les professionnels et partenaires<\/li>\n<\/ul>\n<\/li>\n<\/ul>","protected":false},"excerpt":{"rendered":"<p>Pour les professionnels : Vendu uniquement par 6pc<\/p>","protected":false},"featured_media":17399,"template":"","meta":{"inline_featured_image":false},"product_cat":[574],"product_tag":[108],"_links":{"self":[{"href":"https:\/\/www.saldac.ch\/de\/wp-json\/wp\/v2\/product\/13711"}],"collection":[{"href":"https:\/\/www.saldac.ch\/de\/wp-json\/wp\/v2\/product"}],"about":[{"href":"https:\/\/www.saldac.ch\/de\/wp-json\/wp\/v2\/types\/product"}],"wp:featuredmedia":[{"embeddable":true,"href":"https:\/\/www.saldac.ch\/de\/wp-json\/wp\/v2\/media\/17399"}],"wp:attachment":[{"href":"https:\/\/www.saldac.ch\/de\/wp-json\/wp\/v2\/media?parent=13711"}],"wp:term":[{"taxonomy":"product_cat","embeddable":true,"href":"https:\/\/www.saldac.ch\/de\/wp-json\/wp\/v2\/product_cat?post=13711"},{"taxonomy":"product_tag","embeddable":true,"href":"https:\/\/www.saldac.ch\/de\/wp-json\/wp\/v2\/product_tag?post=13711"}],"curies":[{"name":"wp","href":"https:\/\/api.w.org\/{rel}","templated":true}]}}