{"id":13729,"date":"2024-10-10T13:39:02","date_gmt":"2024-10-10T11:39:02","guid":{"rendered":"https:\/\/www.saldac.ch\/?post_type=product&#038;p=13729"},"modified":"2026-05-11T22:10:02","modified_gmt":"2026-05-11T20:10:02","slug":"pate-a-tartiner-au-chocolat-et-noisettes-bio-equitable-230gr","status":"publish","type":"product","link":"https:\/\/www.saldac.ch\/de\/produkt\/pate-a-tartiner-au-chocolat-et-noisettes-bio-equitable-230gr\/","title":{"rendered":"Schokoladen-Haselnuss-Aufstrich, bio, fair gehandelt, 230 g"},"content":{"rendered":"<p class=\"translation-block\"><strong>Hervorragender Aufstrich aus unserem Criollo-Kakaopulver<\/strong> (11 %), unserer Panela (11 %) und Haseln\u00fcssen aus Italien (23 %), mit Sonnenblumen\u00f6l (kein Palm\u00f6l), Vollmilch und Rohzucker. Sehr schokoladiger und nussreicher Geschmack, ein Genuss f\u00fcr die Geschmacksknospen.<\/p>","protected":false},"excerpt":{"rendered":"<p>Schokoladen-Haselnuss-Aufstrich, bio, fair gehandelt, 230 g netto<\/p>","protected":false},"featured_media":13730,"template":"","meta":{"inline_featured_image":false},"product_cat":[572],"product_tag":[108,107,116,60],"_links":{"self":[{"href":"https:\/\/www.saldac.ch\/de\/wp-json\/wp\/v2\/product\/13729"}],"collection":[{"href":"https:\/\/www.saldac.ch\/de\/wp-json\/wp\/v2\/product"}],"about":[{"href":"https:\/\/www.saldac.ch\/de\/wp-json\/wp\/v2\/types\/product"}],"wp:featuredmedia":[{"embeddable":true,"href":"https:\/\/www.saldac.ch\/de\/wp-json\/wp\/v2\/media\/13730"}],"wp:attachment":[{"href":"https:\/\/www.saldac.ch\/de\/wp-json\/wp\/v2\/media?parent=13729"}],"wp:term":[{"taxonomy":"product_cat","embeddable":true,"href":"https:\/\/www.saldac.ch\/de\/wp-json\/wp\/v2\/product_cat?post=13729"},{"taxonomy":"product_tag","embeddable":true,"href":"https:\/\/www.saldac.ch\/de\/wp-json\/wp\/v2\/product_tag?post=13729"}],"curies":[{"name":"wp","href":"https:\/\/api.w.org\/{rel}","templated":true}]}}