{"id":13823,"date":"2024-10-30T09:10:49","date_gmt":"2024-10-30T08:10:49","guid":{"rendered":"https:\/\/www.saldac.ch\/?post_type=product&#038;p=13823"},"modified":"2026-05-05T14:30:57","modified_gmt":"2026-05-05T12:30:57","slug":"pistaches-decortiquees-sechees-nature-bio-25kg","status":"publish","type":"product","link":"https:\/\/www.saldac.ch\/de\/produkt\/pistaches-decortiquees-sechees-nature-bio-25kg\/","title":{"rendered":"Gesch\u00e4lte Pistazien, getrocknet, natur, bio, 2,5 kg"},"content":{"rendered":"<p>Bio-Pistazien aus Spanien, Sorte Kerman. Gr\u00f6\u00dfe 20\u201322. Getrocknet, naturbelassen und ohne Schale.<\/p>","protected":false},"excerpt":{"rendered":"<p>Bio-Pistazien aus Spanien, Sorte Kerman. Gr\u00f6\u00dfe 20\u201322. Getrocknet, naturbelassen und ohne Schale.<\/p>","protected":false},"featured_media":11602,"template":"","meta":{"inline_featured_image":false},"product_cat":[97],"product_tag":[107,110,98],"_links":{"self":[{"href":"https:\/\/www.saldac.ch\/de\/wp-json\/wp\/v2\/product\/13823"}],"collection":[{"href":"https:\/\/www.saldac.ch\/de\/wp-json\/wp\/v2\/product"}],"about":[{"href":"https:\/\/www.saldac.ch\/de\/wp-json\/wp\/v2\/types\/product"}],"wp:featuredmedia":[{"embeddable":true,"href":"https:\/\/www.saldac.ch\/de\/wp-json\/wp\/v2\/media\/11602"}],"wp:attachment":[{"href":"https:\/\/www.saldac.ch\/de\/wp-json\/wp\/v2\/media?parent=13823"}],"wp:term":[{"taxonomy":"product_cat","embeddable":true,"href":"https:\/\/www.saldac.ch\/de\/wp-json\/wp\/v2\/product_cat?post=13823"},{"taxonomy":"product_tag","embeddable":true,"href":"https:\/\/www.saldac.ch\/de\/wp-json\/wp\/v2\/product_tag?post=13823"}],"curies":[{"name":"wp","href":"https:\/\/api.w.org\/{rel}","templated":true}]}}