{"id":13901,"date":"2024-11-19T15:39:00","date_gmt":"2024-11-19T14:39:00","guid":{"rendered":"https:\/\/www.saldac.ch\/?post_type=product&#038;p=13901"},"modified":"2026-03-24T13:37:56","modified_gmt":"2026-03-24T12:37:56","slug":"cafe-pangoa-gardiens-de-la-foret-du-perou-pur-arabica-bio-equitable-grain-1kg","status":"publish","type":"product","link":"https:\/\/www.saldac.ch\/de\/produkt\/cafe-pangoa-gardiens-de-la-foret-du-perou-pur-arabica-bio-equitable-grain-1kg\/","title":{"rendered":"Kaffee Pangoa \u201eH\u00fcter des Waldes\u201c aus Peru, reiner Bio-\u201eArabica\u201c, fair gehandelt, Bohnen 1 kg"},"content":{"rendered":"<p class=\"translation-block\"><strong>Ein neuer Kaffee unserer Partner der Genossenschaft Pangoa,<\/strong> die uns seit 2005 auch die Criollo-Kakaobohnen liefert.<\/p>\n<p class=\"translation-block\"><b>Dieser umweltverantwortliche Kaffee stammt aus den indigenen Gebieten der Nomatsigu\u00ebngas, auf etwa 1 700 m H\u00f6he, in der Region Mazaronquiari. Er w\u00e4chst im Prim\u00e4rwald unter vielf\u00e4ltiger Vegetationsdecke und tr\u00e4gt daher die Zertifizierung \u201eAmigable del bosque (Birds Friendly)\u201c. Kr\u00e4ftig, cremig und aromatisch, mit holzigen Noten, Trockenfr\u00fcchten und schwarzen Kirschen \u2013 perfekt f\u00fcr Espresso-Liebhaber, ideal f\u00fcr die Gastronomie<\/b>. Biologisch, Ecocert-zertifiziert.<\/p>\n<p><strong>Die Neuheit 2021: Handwerkliche R\u00f6stung in unserer Werkstatt in Mont\u00e9limar, Verpackungen ohne Aluminium.<\/strong><\/p>\n<p><strong>Unser Kaffeesortiment ist durch das SPP-System \u201eS\u00edmbolo de los Peque\u00f1os Productores\u201c als fair gehandelt zertifiziert \u2013 ein Label, das endlich den Produzenten selbst geh\u00f6rt: www.spp.coop<\/strong><\/p>","protected":false},"excerpt":{"rendered":"<p><strong><b>Kr\u00e4ftig, cremig und aromatisch, mit holzigen Noten, Trockenfr\u00fcchten und schwarzen Kirschen \u2013 perfekt f\u00fcr Espresso-Liebhaber, ideal f\u00fcr die Gastronomie.<\/b>.<\/strong><\/p>\n<p class=\"translation-block\"><strong>Handwerkliche R\u00f6stung in unserer Werkstatt,<\/strong> verpackt ohne Aluminium.<\/p>","protected":false},"featured_media":13946,"template":"","meta":{"inline_featured_image":false},"product_cat":[571],"product_tag":[108,98],"_links":{"self":[{"href":"https:\/\/www.saldac.ch\/de\/wp-json\/wp\/v2\/product\/13901"}],"collection":[{"href":"https:\/\/www.saldac.ch\/de\/wp-json\/wp\/v2\/product"}],"about":[{"href":"https:\/\/www.saldac.ch\/de\/wp-json\/wp\/v2\/types\/product"}],"wp:featuredmedia":[{"embeddable":true,"href":"https:\/\/www.saldac.ch\/de\/wp-json\/wp\/v2\/media\/13946"}],"wp:attachment":[{"href":"https:\/\/www.saldac.ch\/de\/wp-json\/wp\/v2\/media?parent=13901"}],"wp:term":[{"taxonomy":"product_cat","embeddable":true,"href":"https:\/\/www.saldac.ch\/de\/wp-json\/wp\/v2\/product_cat?post=13901"},{"taxonomy":"product_tag","embeddable":true,"href":"https:\/\/www.saldac.ch\/de\/wp-json\/wp\/v2\/product_tag?post=13901"}],"curies":[{"name":"wp","href":"https:\/\/api.w.org\/{rel}","templated":true}]}}