{"id":13904,"date":"2024-11-19T16:07:54","date_gmt":"2024-11-19T15:07:54","guid":{"rendered":"https:\/\/www.saldac.ch\/?post_type=product&#038;p=13904"},"modified":"2026-03-24T14:16:47","modified_gmt":"2026-03-24T13:16:47","slug":"graines-de-chia-5kg-bio-equitable","status":"publish","type":"product","link":"https:\/\/www.saldac.ch\/de\/produkt\/graines-de-chia-5kg-bio-equitable\/","title":{"rendered":"Chiasamen, 5 kg, bio, fair gehandelt"},"content":{"rendered":"<p>Reich an Proteinen, Kalzium, Magnesium, Phosphor und Omega-3 (20 %). Produziert von der Genossenschaft Los Chankas im S\u00fcden Perus (Apur\u00edmac).<\/p>\n<p><strong>Achtung: nicht mehr als 15 g pro Tag verzehren<\/strong><\/p>\n<p>Verwendung:<\/p>\n<ul>\n<li>Einen Essl\u00f6ffel in ein Glas Wasser oder Fruchtsaft geben,<\/li>\n<li>10 Minuten quellen lassen,<\/li>\n<li>n\u00fcchtern einnehmen oder in Salate, Joghurts und M\u00fcslis mischen.<\/li>\n<\/ul>\n<p class=\"translation-block\"><strong>Zutaten<\/strong>: Chiasamen<\/p>\n<p><strong>N\u00e4hrwerteigenschaften <\/strong>(Durchschnittswerte pro 100 g)<\/p>\n<p>Kohlenhydrate: 4,9 g (davon Zucker 0,8 g) Fett: 31,4 g (davon ges\u00e4ttigte Fetts\u00e4uren 3,8 g) Eiwei\u00df: 21,2 g Salz: 0,01 g Brennwert: 390 kcal \/ 1 610 kJ Calcium: 500 mg Magnesium: 290 mg Phosphor: 535 mg Omega-3: 20 g<\/p>\n<p><strong>Unsere Chiasamen sind durch das Fair-Trade-System SPP \u201eS\u00edmbolo de los Peque\u00f1os Productores\u201c zertifiziert \u2013 ein Label, das endlich den Produzenten selbst geh\u00f6rt: www.spp.coop<\/strong><\/p>","protected":false},"excerpt":{"rendered":"<p class=\"translation-block\">Reich an Proteinen, Kalzium, Magnesium, Phosphor und Omega-3<br>\nAchtung: nicht mehr als 15 g pro Tag verzehren<\/p>","protected":false},"featured_media":724,"template":"","meta":{"inline_featured_image":false},"product_cat":[95],"product_tag":[108,50],"_links":{"self":[{"href":"https:\/\/www.saldac.ch\/de\/wp-json\/wp\/v2\/product\/13904"}],"collection":[{"href":"https:\/\/www.saldac.ch\/de\/wp-json\/wp\/v2\/product"}],"about":[{"href":"https:\/\/www.saldac.ch\/de\/wp-json\/wp\/v2\/types\/product"}],"wp:featuredmedia":[{"embeddable":true,"href":"https:\/\/www.saldac.ch\/de\/wp-json\/wp\/v2\/media\/724"}],"wp:attachment":[{"href":"https:\/\/www.saldac.ch\/de\/wp-json\/wp\/v2\/media?parent=13904"}],"wp:term":[{"taxonomy":"product_cat","embeddable":true,"href":"https:\/\/www.saldac.ch\/de\/wp-json\/wp\/v2\/product_cat?post=13904"},{"taxonomy":"product_tag","embeddable":true,"href":"https:\/\/www.saldac.ch\/de\/wp-json\/wp\/v2\/product_tag?post=13904"}],"curies":[{"name":"wp","href":"https:\/\/api.w.org\/{rel}","templated":true}]}}