{"id":14178,"date":"2024-12-04T11:14:30","date_gmt":"2024-12-04T10:14:30","guid":{"rendered":"https:\/\/www.saldac.ch\/?post_type=product&#038;p=14178"},"modified":"2026-03-31T14:13:43","modified_gmt":"2026-03-31T12:13:43","slug":"bonnet-teinture-naturelle-motif-chaine-pure-alpaga","status":"publish","type":"product","link":"https:\/\/www.saldac.ch\/de\/produkt\/bonnet-teinture-naturelle-motif-chaine-pure-alpaga\/","title":{"rendered":"Bonnet teinture naturelle motif chaine, pure alpaga"},"content":{"rendered":"<p>Uniquement en pr\u00e9commande pour les professionnels.Des bonnets color\u00e9s avec des teintures naturelles \u00e0 base de plantes, de cochenille et d\u2019argile. 100 % pure laine d\u2019alpaga.<\/p>","protected":false},"excerpt":{"rendered":"<p>Uniquement en pr\u00e9commande pour les professionnels. Bonnet teinture naturelle motif chaine, pure alpaga<\/p>","protected":false},"featured_media":14179,"template":"","meta":{"inline_featured_image":false},"product_cat":[576],"product_tag":[],"_links":{"self":[{"href":"https:\/\/www.saldac.ch\/de\/wp-json\/wp\/v2\/product\/14178"}],"collection":[{"href":"https:\/\/www.saldac.ch\/de\/wp-json\/wp\/v2\/product"}],"about":[{"href":"https:\/\/www.saldac.ch\/de\/wp-json\/wp\/v2\/types\/product"}],"wp:featuredmedia":[{"embeddable":true,"href":"https:\/\/www.saldac.ch\/de\/wp-json\/wp\/v2\/media\/14179"}],"wp:attachment":[{"href":"https:\/\/www.saldac.ch\/de\/wp-json\/wp\/v2\/media?parent=14178"}],"wp:term":[{"taxonomy":"product_cat","embeddable":true,"href":"https:\/\/www.saldac.ch\/de\/wp-json\/wp\/v2\/product_cat?post=14178"},{"taxonomy":"product_tag","embeddable":true,"href":"https:\/\/www.saldac.ch\/de\/wp-json\/wp\/v2\/product_tag?post=14178"}],"curies":[{"name":"wp","href":"https:\/\/api.w.org\/{rel}","templated":true}]}}