{"id":14181,"date":"2024-12-04T11:15:55","date_gmt":"2024-12-04T10:15:55","guid":{"rendered":"https:\/\/www.saldac.ch\/?post_type=product&#038;p=14181"},"modified":"2026-03-31T14:13:42","modified_gmt":"2026-03-31T12:13:42","slug":"bonnet-teinture-naturelle-avec-bandes-en-relief-pure-alpaga","status":"publish","type":"product","link":"https:\/\/www.saldac.ch\/de\/produkt\/bonnet-teinture-naturelle-avec-bandes-en-relief-pure-alpaga\/","title":{"rendered":"Bonnet teinture naturelle avec bandes en relief, pure alpaga"},"content":{"rendered":"<p>Uniquement en pr\u00e9commande pour les professionnels. Des bonnets color\u00e9s avec des teintures naturelles \u00e0 base de plantes, de cochenille et d\u2019argile. 100 % pure laine d\u2019alpaga.<\/p>\n<p>Uniquement en pr\u00e9commande<\/p>","protected":false},"excerpt":{"rendered":"<p>Uniquement en pr\u00e9commande pour les professionnels. Bonnet teinture naturelle avec bandes en relief, pure alpaga<\/p>","protected":false},"featured_media":14184,"template":"","meta":{"inline_featured_image":false},"product_cat":[576],"product_tag":[],"_links":{"self":[{"href":"https:\/\/www.saldac.ch\/de\/wp-json\/wp\/v2\/product\/14181"}],"collection":[{"href":"https:\/\/www.saldac.ch\/de\/wp-json\/wp\/v2\/product"}],"about":[{"href":"https:\/\/www.saldac.ch\/de\/wp-json\/wp\/v2\/types\/product"}],"wp:featuredmedia":[{"embeddable":true,"href":"https:\/\/www.saldac.ch\/de\/wp-json\/wp\/v2\/media\/14184"}],"wp:attachment":[{"href":"https:\/\/www.saldac.ch\/de\/wp-json\/wp\/v2\/media?parent=14181"}],"wp:term":[{"taxonomy":"product_cat","embeddable":true,"href":"https:\/\/www.saldac.ch\/de\/wp-json\/wp\/v2\/product_cat?post=14181"},{"taxonomy":"product_tag","embeddable":true,"href":"https:\/\/www.saldac.ch\/de\/wp-json\/wp\/v2\/product_tag?post=14181"}],"curies":[{"name":"wp","href":"https:\/\/api.w.org\/{rel}","templated":true}]}}