{"id":14187,"date":"2024-12-04T11:25:14","date_gmt":"2024-12-04T10:25:14","guid":{"rendered":"https:\/\/www.saldac.ch\/?post_type=product&#038;p=14187"},"modified":"2026-03-31T14:13:42","modified_gmt":"2026-03-31T12:13:42","slug":"beret-teinture-naturelle-etoile-pure-alpaga","status":"publish","type":"product","link":"https:\/\/www.saldac.ch\/de\/produkt\/beret-teinture-naturelle-etoile-pure-alpaga\/","title":{"rendered":"B\u00e9ret teinture naturelle \u00e9toile, pure alpaga"},"content":{"rendered":"<p>Uniquement en pr\u00e9commande pour les professionnels. Des b\u00e9rets en teinture naturelle \u00e0 base de plantes et de cochenille. 100 % pure laine d\u2019alpaga.<\/p>\n<p>Uniquement en pr\u00e9commande<\/p>","protected":false},"excerpt":{"rendered":"<p>Uniquement en pr\u00e9commande pour les professionnels. B\u00e9ret teinture naturelle \u00e9toile, pure alpaga<\/p>","protected":false},"featured_media":14190,"template":"","meta":{"inline_featured_image":false},"product_cat":[576],"product_tag":[],"_links":{"self":[{"href":"https:\/\/www.saldac.ch\/de\/wp-json\/wp\/v2\/product\/14187"}],"collection":[{"href":"https:\/\/www.saldac.ch\/de\/wp-json\/wp\/v2\/product"}],"about":[{"href":"https:\/\/www.saldac.ch\/de\/wp-json\/wp\/v2\/types\/product"}],"wp:featuredmedia":[{"embeddable":true,"href":"https:\/\/www.saldac.ch\/de\/wp-json\/wp\/v2\/media\/14190"}],"wp:attachment":[{"href":"https:\/\/www.saldac.ch\/de\/wp-json\/wp\/v2\/media?parent=14187"}],"wp:term":[{"taxonomy":"product_cat","embeddable":true,"href":"https:\/\/www.saldac.ch\/de\/wp-json\/wp\/v2\/product_cat?post=14187"},{"taxonomy":"product_tag","embeddable":true,"href":"https:\/\/www.saldac.ch\/de\/wp-json\/wp\/v2\/product_tag?post=14187"}],"curies":[{"name":"wp","href":"https:\/\/api.w.org\/{rel}","templated":true}]}}