{"id":14203,"date":"2024-12-04T11:49:53","date_gmt":"2024-12-04T10:49:53","guid":{"rendered":"https:\/\/www.saldac.ch\/?post_type=product&#038;p=14203"},"modified":"2026-03-31T14:13:41","modified_gmt":"2026-03-31T12:13:41","slug":"moufles-teinture-naturelle-modele-enfant-pure-alpaga","status":"publish","type":"product","link":"https:\/\/www.saldac.ch\/de\/produkt\/moufles-teinture-naturelle-modele-enfant-pure-alpaga\/","title":{"rendered":"Moufles teinture naturelle, mod\u00e8le enfant, pure alpaga"},"content":{"rendered":"<p>Uniquement en pr\u00e9commande pour les professionnels. En fil fin. Doux et chaud, facile \u00e0 mettre, tenue par une ficelle. Jusqu\u2019\u00e0 18 mois.<\/p>\n<p>Uniquement en pr\u00e9commande<\/p>","protected":false},"excerpt":{"rendered":"<p>Uniquement en pr\u00e9commande pour les professionnels. Moufles teinture naturelle, mod\u00e8le enfant, pure alpaga<\/p>","protected":false},"featured_media":14213,"template":"","meta":{"inline_featured_image":false},"product_cat":[576],"product_tag":[],"_links":{"self":[{"href":"https:\/\/www.saldac.ch\/de\/wp-json\/wp\/v2\/product\/14203"}],"collection":[{"href":"https:\/\/www.saldac.ch\/de\/wp-json\/wp\/v2\/product"}],"about":[{"href":"https:\/\/www.saldac.ch\/de\/wp-json\/wp\/v2\/types\/product"}],"wp:featuredmedia":[{"embeddable":true,"href":"https:\/\/www.saldac.ch\/de\/wp-json\/wp\/v2\/media\/14213"}],"wp:attachment":[{"href":"https:\/\/www.saldac.ch\/de\/wp-json\/wp\/v2\/media?parent=14203"}],"wp:term":[{"taxonomy":"product_cat","embeddable":true,"href":"https:\/\/www.saldac.ch\/de\/wp-json\/wp\/v2\/product_cat?post=14203"},{"taxonomy":"product_tag","embeddable":true,"href":"https:\/\/www.saldac.ch\/de\/wp-json\/wp\/v2\/product_tag?post=14203"}],"curies":[{"name":"wp","href":"https:\/\/api.w.org\/{rel}","templated":true}]}}