{"id":14222,"date":"2024-12-04T12:15:37","date_gmt":"2024-12-04T11:15:37","guid":{"rendered":"https:\/\/www.saldac.ch\/?post_type=product&#038;p=14222"},"modified":"2026-03-31T14:13:40","modified_gmt":"2026-03-31T12:13:40","slug":"echarpe-a-fleurs-teinture-naturelle-pure-alpaga","status":"publish","type":"product","link":"https:\/\/www.saldac.ch\/de\/produkt\/echarpe-a-fleurs-teinture-naturelle-pure-alpaga\/","title":{"rendered":"Echarpe \u00e0 fleurs teinture naturelle, pure alpaga"},"content":{"rendered":"<p>Uniquement en pr\u00e9commande pour les professionnels. Des \u00e9charpes unies, avec des fleurs en laine sur les extr\u00e9mit\u00e9s, teintures naturelles, d\u2019environ 1,50 m de longueur, tr\u00e8s \u00e9paisse, tr\u00e8s bien pour l\u2019hiver.<\/p>\n<p>Uniquement en pr\u00e9commande<\/p>","protected":false},"excerpt":{"rendered":"<p>Uniquement en pr\u00e9commande pour les professionnels. Echarpe \u00e0 fleurs teinture naturelle, pure alpaga<\/p>","protected":false},"featured_media":14227,"template":"","meta":{"inline_featured_image":false},"product_cat":[576],"product_tag":[],"_links":{"self":[{"href":"https:\/\/www.saldac.ch\/de\/wp-json\/wp\/v2\/product\/14222"}],"collection":[{"href":"https:\/\/www.saldac.ch\/de\/wp-json\/wp\/v2\/product"}],"about":[{"href":"https:\/\/www.saldac.ch\/de\/wp-json\/wp\/v2\/types\/product"}],"wp:featuredmedia":[{"embeddable":true,"href":"https:\/\/www.saldac.ch\/de\/wp-json\/wp\/v2\/media\/14227"}],"wp:attachment":[{"href":"https:\/\/www.saldac.ch\/de\/wp-json\/wp\/v2\/media?parent=14222"}],"wp:term":[{"taxonomy":"product_cat","embeddable":true,"href":"https:\/\/www.saldac.ch\/de\/wp-json\/wp\/v2\/product_cat?post=14222"},{"taxonomy":"product_tag","embeddable":true,"href":"https:\/\/www.saldac.ch\/de\/wp-json\/wp\/v2\/product_tag?post=14222"}],"curies":[{"name":"wp","href":"https:\/\/api.w.org\/{rel}","templated":true}]}}