{"id":14223,"date":"2024-12-04T12:15:37","date_gmt":"2024-12-04T11:15:37","guid":{"rendered":"https:\/\/www.saldac.ch\/?post_type=product&#038;p=14223"},"modified":"2026-03-31T14:13:40","modified_gmt":"2026-03-31T12:13:40","slug":"echarpe-teinture-naturelle-large-pure-alpaga","status":"publish","type":"product","link":"https:\/\/www.saldac.ch\/de\/produkt\/echarpe-teinture-naturelle-large-pure-alpaga\/","title":{"rendered":"Echarpe teinture naturelle large, pure alpaga"},"content":{"rendered":"<p>Uniquement en pr\u00e9commande pour les professionnels. Des \u00e9charpes en teintures naturelles, d\u2019environ 1,40 m de longueur et 30 cm de largeur, r\u00e9alis\u00e9es en double maille, assez \u00e9paisse.<\/p>\n<p>Uniquement en pr\u00e9commande<\/p>","protected":false},"excerpt":{"rendered":"<p>Uniquement en pr\u00e9commande pour les professionnels. Echarpe teinture naturelle large, pure alpaga<\/p>","protected":false},"featured_media":14228,"template":"","meta":{"inline_featured_image":false},"product_cat":[576],"product_tag":[],"_links":{"self":[{"href":"https:\/\/www.saldac.ch\/de\/wp-json\/wp\/v2\/product\/14223"}],"collection":[{"href":"https:\/\/www.saldac.ch\/de\/wp-json\/wp\/v2\/product"}],"about":[{"href":"https:\/\/www.saldac.ch\/de\/wp-json\/wp\/v2\/types\/product"}],"wp:featuredmedia":[{"embeddable":true,"href":"https:\/\/www.saldac.ch\/de\/wp-json\/wp\/v2\/media\/14228"}],"wp:attachment":[{"href":"https:\/\/www.saldac.ch\/de\/wp-json\/wp\/v2\/media?parent=14223"}],"wp:term":[{"taxonomy":"product_cat","embeddable":true,"href":"https:\/\/www.saldac.ch\/de\/wp-json\/wp\/v2\/product_cat?post=14223"},{"taxonomy":"product_tag","embeddable":true,"href":"https:\/\/www.saldac.ch\/de\/wp-json\/wp\/v2\/product_tag?post=14223"}],"curies":[{"name":"wp","href":"https:\/\/api.w.org\/{rel}","templated":true}]}}